{"id":984,"date":"2020-04-19T10:25:15","date_gmt":"2020-04-19T10:25:15","guid":{"rendered":"http:\/\/fabienrobbe.com\/wordfab\/?page_id=984"},"modified":"2021-09-01T21:04:42","modified_gmt":"2021-09-01T21:04:42","slug":"da-bep-lech-piano-solo","status":"publish","type":"page","link":"https:\/\/fabienrobbe.com\/wordfab\/da-bep-lech-piano-solo\/","title":{"rendered":"\u00ab\u00a0Da bep lec&rsquo;h\u00a0\u00bb PIANO SOLO"},"content":{"rendered":"\n<blockquote>\n<p>On pense ici \u00e0 Bach, Debussy, Satie, Keith Jarrett, le trad&rsquo; breton ou africain, le blues, la valse (&#8230;) un grand plaisir \u00e0 l&rsquo;\u00e9coute de ce disque charg\u00e9 de virtuosit\u00e9, de sensibilit\u00e9 d&rsquo;imagination. <em>Le Cri de l&rsquo;Ormeau<\/em><\/p>\n<\/blockquote>\n\n\n\n<div class=\"wp-block-columns is-layout-flex wp-container-core-columns-is-layout-9d6595d7 wp-block-columns-is-layout-flex\">\n<div class=\"wp-block-column is-layout-flow wp-block-column-is-layout-flow\" style=\"flex-basis:50%\">\n<div class=\"wp-block-columns is-layout-flex wp-container-core-columns-is-layout-9d6595d7 wp-block-columns-is-layout-flex\">\n<div class=\"wp-block-column is-layout-flow wp-block-column-is-layout-flow\" style=\"flex-basis:25em\">\n<div class=\"wp-block-group\"><div class=\"wp-block-group__inner-container is-layout-flow wp-block-group-is-layout-flow\">\n<div id=\"wp-block-themeisle-blocks-advanced-columns-fc3e7fcf\" class=\"wp-block-themeisle-blocks-advanced-columns has-2-columns has-desktop-oneTwo-layout has-tablet-equal-layout has-mobile-collapsedRows-layout has-default-gap has-vertical-unset\">\n<div class=\"wp-block-themeisle-blocks-advanced-columns-overlay\">\n<div id=\"wp-block-themeisle-blocks-advanced-column-f42c7347\" class=\"wp-block-themeisle-blocks-advanced-column\">\n<p>Apr\u00e8s des ann\u00e9es de talentueux polyinstrumentiste (guitare, trompette, accord\u00e9on\u2026) au service de plusieurs formations (Menestra, Tribuil, Eostiged\u2026),<\/p>\n<p>Fabien revient ici \u00e0 ses premi\u00e8res amours, \u00e0 son premier instrument d\u2019\u00e9tude\u2026 en soliste. De la Beauce \u00e0 Baud, de sa formation\u00a0 en Centre France \u00e0 la d\u00e9couverte de la musique\u00a0 de Fran\u00e7ois Tusques en passant par ses ann\u00e9es \u00ab\u00a0bretonnes\u00a0\u00bb, il nous propose une palette riche et vari\u00e9e toute en virtuosit\u00e9.<\/p>\n<p>Ami et disciple de Fran\u00e7ois Tusques, il met \u00e0 jour le piano de celui ci (\u00e9poque\u00a0 cabaret de la derni\u00e8re chance) avec un sens nouveau des folklores r\u00e9gionaux, des influences n\u00e9o classiques, et un sens \u00e9vident et communicatif du swing improvis\u00e9. S&rsquo;il invoque la musique de son mentor,c&rsquo;est sans verser dans la r\u00e9v\u00e9rence ou le pastiche, mais plut\u00f4t en la faisant sienne :\u00a0 la capacit\u00e9 de Tusques \u00e0 nourrir sa propre sensibilit\u00e9 de traditions populaires.<\/p>\n<p>Apr\u00e8s un premier disque paru en 2015 (\u00ab\u00a0Da Bep Lech\u00a0\u00bb) et de nombreux concerts (en solo mais aussi duo), il aboutit, en 2019,\u00a0 \u00e0 la cr\u00e9ation de 24 pr\u00e9ludes, photographie d&rsquo;une carri\u00e8re d\u00e9j\u00e0 riche, sans concessions et diablement g\u00e9n\u00e9reuse.<\/p>\n<\/div>\n<div id=\"wp-block-themeisle-blocks-advanced-column-a5511928\" class=\"wp-block-themeisle-blocks-advanced-column\">\u00a0<\/div>\n<\/div>\n<div class=\"innerblocks-wrap\">\n<div id=\"wp-block-themeisle-blocks-advanced-column-f42c7347\" class=\"wp-block-themeisle-blocks-advanced-column\">\u00a0<\/div>\n<div id=\"wp-block-themeisle-blocks-advanced-column-a5511928\" class=\"wp-block-themeisle-blocks-advanced-column\">\n<figure class=\"wp-block-image size-large is-style-default\">\n<figcaption>\u00a0<br \/>\u00ab\u00a0<br \/><br \/>\u00a0<\/figcaption>\n<\/figure>\n<figure class=\"wp-block-embed-soundcloud wp-block-embed is-type-rich is-provider-soundcloud wp-embed-aspect-4-3 wp-has-aspect-ratio\">\n<div class=\"wp-block-embed__wrapper\">\u00a0<\/div>\n<\/figure>\n<\/div>\n<\/div>\n<\/div>\n<\/div><\/div>\n<\/div>\n\n\n\n<div class=\"wp-block-column is-layout-flow wp-block-column-is-layout-flow\">\n<p><iframe style=\"border: 0; width: 350px; height: 853px;\" src=\"https:\/\/bandcamp.com\/EmbeddedPlayer\/album=701283938\/size=large\/bgcol=ffffff\/linkcol=0687f5\/package=3019400144\/transparent=true\/\" seamless=\"\"><a href=\"https:\/\/fabienrobbe.bandcamp.com\/album\/da-bep-lech-piano-solo-12-compositions\">Da bep lec&rsquo;h (piano solo-12 compositions) by Fabien Robbe Piano solo<\/a><\/iframe><\/p>\n<\/div>\n<\/div>\n<\/div>\n\n\n\n<div class=\"wp-block-column is-layout-flow wp-block-column-is-layout-flow\" style=\"flex-basis:50%\"><\/div>\n<\/div>\n","protected":false},"excerpt":{"rendered":"<p>On pense ici \u00e0 Bach, Debussy, Satie, Keith Jarrett, le trad&rsquo; breton ou africain, le blues, la valse (&#8230;) un grand plaisir \u00e0 l&rsquo;\u00e9coute de [&#8230;]<\/p>\n","protected":false},"author":1,"featured_media":0,"parent":0,"menu_order":0,"comment_status":"closed","ping_status":"closed","template":"","meta":{"footnotes":""},"class_list":["post-984","page","type-page","status-publish","hentry"],"_links":{"self":[{"href":"https:\/\/fabienrobbe.com\/wordfab\/wp-json\/wp\/v2\/pages\/984","targetHints":{"allow":["GET"]}}],"collection":[{"href":"https:\/\/fabienrobbe.com\/wordfab\/wp-json\/wp\/v2\/pages"}],"about":[{"href":"https:\/\/fabienrobbe.com\/wordfab\/wp-json\/wp\/v2\/types\/page"}],"author":[{"embeddable":true,"href":"https:\/\/fabienrobbe.com\/wordfab\/wp-json\/wp\/v2\/users\/1"}],"replies":[{"embeddable":true,"href":"https:\/\/fabienrobbe.com\/wordfab\/wp-json\/wp\/v2\/comments?post=984"}],"version-history":[{"count":10,"href":"https:\/\/fabienrobbe.com\/wordfab\/wp-json\/wp\/v2\/pages\/984\/revisions"}],"predecessor-version":[{"id":1259,"href":"https:\/\/fabienrobbe.com\/wordfab\/wp-json\/wp\/v2\/pages\/984\/revisions\/1259"}],"wp:attachment":[{"href":"https:\/\/fabienrobbe.com\/wordfab\/wp-json\/wp\/v2\/media?parent=984"}],"curies":[{"name":"wp","href":"https:\/\/api.w.org\/{rel}","templated":true}]}}