{"id":937,"date":"2020-04-18T20:42:19","date_gmt":"2020-04-18T20:42:19","guid":{"rendered":"http:\/\/fabienrobbe.com\/wordfab\/?page_id=937"},"modified":"2021-01-04T13:23:16","modified_gmt":"2021-01-04T13:23:16","slug":"robbe-gloaguen-quartet-gardez-votre-sang-froid","status":"publish","type":"page","link":"https:\/\/fabienrobbe.com\/wordfab\/robbe-gloaguen-quartet-gardez-votre-sang-froid\/","title":{"rendered":"Robbe\/Gloaguen Quartet \u00ab\u00a0GARDEZ VOTRE SANG FROID\u00a0\u00bb (III)"},"content":{"rendered":"\n<p><img loading=\"lazy\" decoding=\"async\" class=\"wp-image-942 aligncenter\" src=\"https:\/\/fabienrobbe.com\/wordfab\/wp-content\/uploads\/2020\/04\/unnamed3-300x142.jpg\" alt=\"\" width=\"452\" height=\"214\" srcset=\"https:\/\/fabienrobbe.com\/wordfab\/wp-content\/uploads\/2020\/04\/unnamed3-300x142.jpg 300w, https:\/\/fabienrobbe.com\/wordfab\/wp-content\/uploads\/2020\/04\/unnamed3-250x119.jpg 250w, https:\/\/fabienrobbe.com\/wordfab\/wp-content\/uploads\/2020\/04\/unnamed3-50x24.jpg 50w, https:\/\/fabienrobbe.com\/wordfab\/wp-content\/uploads\/2020\/04\/unnamed3.jpg 697w\" sizes=\"auto, (max-width: 452px) 100vw, 452px\" \/><\/p>\n<div>\n<div>\n<div>\n<div>\n<div class=\"text-region\">\n<div class=\"view-container\">\n<div class=\"text-display\">\n<div class=\"lp-font_1 lp-style-p1 so-global-p1 so-global-text\">\n<blockquote>\n<p>\u00ab\u00a0N&rsquo;\u00e9coutez pas \u00e7a dans votre canap\u00e9. Ou alors, faites de la place dans la pi\u00e8ce, invitez des amis, retrouvez, comme Fabien, cette envie de lutter contre l&rsquo;inertie. Les temps sont graves pourtant, alors gardez votre sang froid.\u00a0\u00bb<\/p>\n<\/blockquote>\n<p>&nbsp;&nbsp;&nbsp;&nbsp;&nbsp;&nbsp;&nbsp;&nbsp;&nbsp;&nbsp;&nbsp;&nbsp;&nbsp;&nbsp;&nbsp;&nbsp;&nbsp;&nbsp;&nbsp;&nbsp;&nbsp;&nbsp;&nbsp;&nbsp;&nbsp;&nbsp;&nbsp;&nbsp;&nbsp;&nbsp;&nbsp;&nbsp;&nbsp;&nbsp;&nbsp;&nbsp;&nbsp;&nbsp;&nbsp;&nbsp;&nbsp;&nbsp;&nbsp;&nbsp;&nbsp;&nbsp;&nbsp;&nbsp;&nbsp;&nbsp;&nbsp;&nbsp;&nbsp;&nbsp;&nbsp;&nbsp;&nbsp;&nbsp;&nbsp;&nbsp;&nbsp;&nbsp;&nbsp;&nbsp;&nbsp;&nbsp;&nbsp;&nbsp;&nbsp;&nbsp;&nbsp;&nbsp;&nbsp;&nbsp;&nbsp;&nbsp;&nbsp;&nbsp;&nbsp;&nbsp;&nbsp;&nbsp;&nbsp;&nbsp;&nbsp;&nbsp;&nbsp;&nbsp;&nbsp;&nbsp;&nbsp;&nbsp;&nbsp;&nbsp;&nbsp;&nbsp;&nbsp;&nbsp;&nbsp;&nbsp;&nbsp;&nbsp;&nbsp;&nbsp;&nbsp;&nbsp;&nbsp;&nbsp;&nbsp;&nbsp;&nbsp;&nbsp;&nbsp;&nbsp;&nbsp;&nbsp;&nbsp;&nbsp;&nbsp;&nbsp;&nbsp;&nbsp;&nbsp;&nbsp;&nbsp;&nbsp;&nbsp;&nbsp;&nbsp;&nbsp;&nbsp;&nbsp;&nbsp;&nbsp;&nbsp;&nbsp;&nbsp;&nbsp;&nbsp;&nbsp;&nbsp;&nbsp;&nbsp; FRANCOIS TUSQUES<\/p>\n<p>avec : <strong>Tanguy Le dor\u00e9<\/strong> : basse; <strong>Fabien Robbe<\/strong> : piano\/direction artistique; <strong>J\u00e9r\u00f4me Gloaguen<\/strong> : batterie; <strong>Eric Leroux<\/strong> : saxophones<\/p>\n<\/div>\n<\/div>\n<\/div>\n<\/div>\n<\/div>\n<\/div>\n<\/div>\n<\/div>\n\n\n\n<div class=\"wp-block-themeisle-blocks-advanced-columns has-2-columns has-desktop-oneTwo-layout has-tablet-equal-layout has-mobile-collapsedRows-layout has-default-gap has-vertical-unset\" id=\"wp-block-themeisle-blocks-advanced-columns-964a59e6\"><div class=\"wp-block-themeisle-blocks-advanced-columns-overlay\"><\/div><div class=\"innerblocks-wrap\">\n<div class=\"wp-block-themeisle-blocks-advanced-column\" id=\"wp-block-themeisle-blocks-advanced-column-03d912ee\">\n<p class=\"m_-6917531886304123778ib m_-6917531886304123778lb\" style=\"text-align: center;\">Au tournant des ann\u00e9es 70, Fran\u00e7ois Tusques \u2013 pionnier du free jazz en France, se sent tenu d\u2019agir. De par son engagement \u00e0 la gauche de la gauche, il veut s\u2019inscrire dans une tradition de chansons et fanfares r\u00e9volutionnaires. Il imagine une musique, puis un orchestre : l\u2019intercommunal free dance music orchestra , qui remplirait tous ces objectifs : \u00ab faire chier \u00bb (sic), jouer dans les usines en gr\u00e8ve et au Larzac aussi bien qu\u2019\u00e0 la tr\u00e8s \u00e9tatique ORTF, faire danser sans renier ni le blues, ni la violence du free, ni les folklores,\u2026<\/p>\n<p class=\"m_-6917531886304123778ib m_-6917531886304123778lb\" style=\"text-align: center;\">C\u2019est en d\u00e9couvrant, les partitions archiv\u00e9es par Tanguy Le Dor\u00e9 (bassiste de la premi\u00e8re heure de Fran\u00e7ois Tusques) que Fabien Robbe d\u00e9cide de redonner vie \u00e0 des compositions de l\u2019intercommunal free dance orchestra \u2013 p\u00e9riode 1983\/84 \u2013 Le disque \u00ab gardez votre sang froid \u00bb est sur les rails.<\/p>\n<\/div>\n\n\n\n<div class=\"wp-block-themeisle-blocks-advanced-column\" id=\"wp-block-themeisle-blocks-advanced-column-347a148c\">\n<p><img loading=\"lazy\" decoding=\"async\" class=\" wp-image-943 aligncenter\" src=\"https:\/\/fabienrobbe.com\/wordfab\/wp-content\/uploads\/2020\/04\/unnamed2-300x275.jpg\" alt=\"\" width=\"391\" height=\"358\" srcset=\"https:\/\/fabienrobbe.com\/wordfab\/wp-content\/uploads\/2020\/04\/unnamed2-300x275.jpg 300w, https:\/\/fabienrobbe.com\/wordfab\/wp-content\/uploads\/2020\/04\/unnamed2-250x229.jpg 250w, https:\/\/fabienrobbe.com\/wordfab\/wp-content\/uploads\/2020\/04\/unnamed2-50x46.jpg 50w, https:\/\/fabienrobbe.com\/wordfab\/wp-content\/uploads\/2020\/04\/unnamed2.jpg 697w\" sizes=\"auto, (max-width: 391px) 100vw, 391px\" \/><\/p>\n\n\n\n<figure class=\"wp-block-embed-youtube aligncenter wp-block-embed is-type-video is-provider-youtube wp-embed-aspect-16-9 wp-has-aspect-ratio\"><div class=\"wp-block-embed__wrapper\">\n<iframe loading=\"lazy\" title=\"Robbe\/Gloaguen Quartet play Tusques\" width=\"800\" height=\"450\" src=\"https:\/\/www.youtube.com\/embed\/4DEGDLB_YIE?feature=oembed\" frameborder=\"0\" allow=\"accelerometer; autoplay; encrypted-media; gyroscope; picture-in-picture\" allowfullscreen><\/iframe>\n<\/div><figcaption>le premier titre de l&rsquo;album lors de la session d&rsquo;enregistrement \u00e0 St Brieuc en avril 2019<\/figcaption><\/figure>\n\n\n\n<p>Vous souhaitez vous procurer l&rsquo;album ? Rdv \u00e0 <a href=\"https:\/\/fabienrobbe.com\/wordfab\/boutique\/\">LA BOUTIQUE<\/a><\/p>\n<\/div>\n<\/div><\/div>\n\n\n\n<div class=\"cue-playlist-container\">\n<div class=\"cue-playlist cue-theme-default\" itemscope itemtype=\"http:\/\/schema.org\/MusicPlaylist\">\n\t\n\t<meta itemprop=\"numTracks\" content=\"15\" \/>\n\n\t<audio src=\"http:\/\/fabienrobbe.com\/wordfab\/wp-content\/uploads\/2020\/04\/01-je-peux-jouer-\u00e7a.mp3\" controls preload=\"none\" class=\"cue-audio\" style=\"width: 100%; height: auto\"><\/audio>\n\n\t<ol class=\"cue-tracks\">\n\t\t\t\t\t<li class=\"cue-track\" itemprop=\"track\" itemscope itemtype=\"http:\/\/schema.org\/MusicRecording\">\n\t\t\t\t\n\t\t\t\t<span class=\"cue-track-details cue-track-cell\">\n\t\t\t\t\t<span class=\"cue-track-title\" itemprop=\"name\">01-je peux jouer \u00e7a (F.Tusques)<\/span>\n\t\t\t\t\t<span class=\"cue-track-artist\" itemprop=\"byArtist\">Robbe\/Gloaguen Quartet<\/span>\n\t\t\t\t<\/span>\n\n\t\t\t\t\n\t\t\t\t<span class=\"cue-track-length cue-track-cell\">1:12<\/span>\n\n\t\t\t\t\t\t\t<\/li>\n\t\t\t\t\t<li class=\"cue-track\" itemprop=\"track\" itemscope itemtype=\"http:\/\/schema.org\/MusicRecording\">\n\t\t\t\t\n\t\t\t\t<span class=\"cue-track-details cue-track-cell\">\n\t\t\t\t\t<span class=\"cue-track-title\" itemprop=\"name\">02- Gardez votre sang froid (F.Tusques)<\/span>\n\t\t\t\t\t<span class=\"cue-track-artist\" itemprop=\"byArtist\">Robbe\/Gloaguen Quartet<\/span>\n\t\t\t\t<\/span>\n\n\t\t\t\t\n\t\t\t\t<span class=\"cue-track-length cue-track-cell\">1:12<\/span>\n\n\t\t\t\t\t\t\t<\/li>\n\t\t\t\t\t<li class=\"cue-track\" itemprop=\"track\" itemscope itemtype=\"http:\/\/schema.org\/MusicRecording\">\n\t\t\t\t\n\t\t\t\t<span class=\"cue-track-details cue-track-cell\">\n\t\t\t\t\t<span class=\"cue-track-title\" itemprop=\"name\">03 - Le blues du moulin (F.Tusques)<\/span>\n\t\t\t\t\t<span class=\"cue-track-artist\" itemprop=\"byArtist\">Robbe\/Gloaguen Quartet<\/span>\n\t\t\t\t<\/span>\n\n\t\t\t\t\n\t\t\t\t<span class=\"cue-track-length cue-track-cell\">1:27<\/span>\n\n\t\t\t\t\t\t\t<\/li>\n\t\t\t\t\t<li class=\"cue-track\" itemprop=\"track\" itemscope itemtype=\"http:\/\/schema.org\/MusicRecording\">\n\t\t\t\t\n\t\t\t\t<span class=\"cue-track-details cue-track-cell\">\n\t\t\t\t\t<span class=\"cue-track-title\" itemprop=\"name\">04 - Mine de rien dans les coulisses (F.Tusques)<\/span>\n\t\t\t\t\t<span class=\"cue-track-artist\" itemprop=\"byArtist\">Robbe\/Gloaguen Quartet<\/span>\n\t\t\t\t<\/span>\n\n\t\t\t\t\n\t\t\t\t<span class=\"cue-track-length cue-track-cell\">0:58<\/span>\n\n\t\t\t\t\t\t\t<\/li>\n\t\t\t\t\t<li class=\"cue-track\" itemprop=\"track\" itemscope itemtype=\"http:\/\/schema.org\/MusicRecording\">\n\t\t\t\t\n\t\t\t\t<span class=\"cue-track-details cue-track-cell\">\n\t\t\t\t\t<span class=\"cue-track-title\" itemprop=\"name\">05 - Bass bal (F.Tusques)<\/span>\n\t\t\t\t\t<span class=\"cue-track-artist\" itemprop=\"byArtist\">Robbe\/Gloaguen Quartet<\/span>\n\t\t\t\t<\/span>\n\n\t\t\t\t\n\t\t\t\t<span class=\"cue-track-length cue-track-cell\">0:52<\/span>\n\n\t\t\t\t\t\t\t<\/li>\n\t\t\t\t\t<li class=\"cue-track\" itemprop=\"track\" itemscope itemtype=\"http:\/\/schema.org\/MusicRecording\">\n\t\t\t\t\n\t\t\t\t<span class=\"cue-track-details cue-track-cell\">\n\t\t\t\t\t<span class=\"cue-track-title\" itemprop=\"name\">06 - L'il\u00f4t Chalon (F.Tusques)<\/span>\n\t\t\t\t\t<span class=\"cue-track-artist\" itemprop=\"byArtist\">Robbe\/Gloaguen Quartet<\/span>\n\t\t\t\t<\/span>\n\n\t\t\t\t\n\t\t\t\t<span class=\"cue-track-length cue-track-cell\">1:08<\/span>\n\n\t\t\t\t\t\t\t<\/li>\n\t\t\t\t\t<li class=\"cue-track\" itemprop=\"track\" itemscope itemtype=\"http:\/\/schema.org\/MusicRecording\">\n\t\t\t\t\n\t\t\t\t<span class=\"cue-track-details cue-track-cell\">\n\t\t\t\t\t<span class=\"cue-track-title\" itemprop=\"name\">07 - V\u00e9rification d'identit\u00e9 (F.Tusques)<\/span>\n\t\t\t\t\t<span class=\"cue-track-artist\" itemprop=\"byArtist\">Robbe\/Gloaguen Quartet<\/span>\n\t\t\t\t<\/span>\n\n\t\t\t\t\n\t\t\t\t<span class=\"cue-track-length cue-track-cell\">1:13<\/span>\n\n\t\t\t\t\t\t\t<\/li>\n\t\t\t\t\t<li class=\"cue-track\" itemprop=\"track\" itemscope itemtype=\"http:\/\/schema.org\/MusicRecording\">\n\t\t\t\t\n\t\t\t\t<span class=\"cue-track-details cue-track-cell\">\n\t\t\t\t\t<span class=\"cue-track-title\" itemprop=\"name\">08 - Une fleur entre les pav\u00e9s (F.Tusques)<\/span>\n\t\t\t\t\t<span class=\"cue-track-artist\" itemprop=\"byArtist\">Robbe\/Gloaguen Quartet<\/span>\n\t\t\t\t<\/span>\n\n\t\t\t\t\n\t\t\t\t<span class=\"cue-track-length cue-track-cell\">1:05<\/span>\n\n\t\t\t\t\t\t\t<\/li>\n\t\t\t\t\t<li class=\"cue-track\" itemprop=\"track\" itemscope itemtype=\"http:\/\/schema.org\/MusicRecording\">\n\t\t\t\t\n\t\t\t\t<span class=\"cue-track-details cue-track-cell\">\n\t\t\t\t\t<span class=\"cue-track-title\" itemprop=\"name\">09 - Combat de coq (F.Tusques)<\/span>\n\t\t\t\t\t<span class=\"cue-track-artist\" itemprop=\"byArtist\">Robbe\/Gloaguen Quartet<\/span>\n\t\t\t\t<\/span>\n\n\t\t\t\t\n\t\t\t\t<span class=\"cue-track-length cue-track-cell\">1:26<\/span>\n\n\t\t\t\t\t\t\t<\/li>\n\t\t\t\t\t<li class=\"cue-track\" itemprop=\"track\" itemscope itemtype=\"http:\/\/schema.org\/MusicRecording\">\n\t\t\t\t\n\t\t\t\t<span class=\"cue-track-details cue-track-cell\">\n\t\t\t\t\t<span class=\"cue-track-title\" itemprop=\"name\">10 - mon coeur ressemble \u00e0 un bol de lait qui frissone (F.Tusques)<\/span>\n\t\t\t\t\t<span class=\"cue-track-artist\" itemprop=\"byArtist\">Robbe\/Gloaguen Quartet<\/span>\n\t\t\t\t<\/span>\n\n\t\t\t\t\n\t\t\t\t<span class=\"cue-track-length cue-track-cell\">1:18<\/span>\n\n\t\t\t\t\t\t\t<\/li>\n\t\t\t\t\t<li class=\"cue-track\" itemprop=\"track\" itemscope itemtype=\"http:\/\/schema.org\/MusicRecording\">\n\t\t\t\t\n\t\t\t\t<span class=\"cue-track-details cue-track-cell\">\n\t\t\t\t\t<span class=\"cue-track-title\" itemprop=\"name\">11 - A propos du voyage de Carmen en Chine (F.Tusques)<\/span>\n\t\t\t\t\t<span class=\"cue-track-artist\" itemprop=\"byArtist\">Robbe\/Gloaguen Quartet<\/span>\n\t\t\t\t<\/span>\n\n\t\t\t\t\n\t\t\t\t<span class=\"cue-track-length cue-track-cell\">1:12<\/span>\n\n\t\t\t\t\t\t\t<\/li>\n\t\t\t\t\t<li class=\"cue-track\" itemprop=\"track\" itemscope itemtype=\"http:\/\/schema.org\/MusicRecording\">\n\t\t\t\t\n\t\t\t\t<span class=\"cue-track-details cue-track-cell\">\n\t\t\t\t\t<span class=\"cue-track-title\" itemprop=\"name\">12 - Gavotte au-del\u00e0 des mers (F.Tusques)<\/span>\n\t\t\t\t\t<span class=\"cue-track-artist\" itemprop=\"byArtist\">Robbe\/Gloaguen Quartet<\/span>\n\t\t\t\t<\/span>\n\n\t\t\t\t\n\t\t\t\t<span class=\"cue-track-length cue-track-cell\">1:25<\/span>\n\n\t\t\t\t\t\t\t<\/li>\n\t\t\t\t\t<li class=\"cue-track\" itemprop=\"track\" itemscope itemtype=\"http:\/\/schema.org\/MusicRecording\">\n\t\t\t\t\n\t\t\t\t<span class=\"cue-track-details cue-track-cell\">\n\t\t\t\t\t<span class=\"cue-track-title\" itemprop=\"name\">13 - Les amis d'afrique (F.Tusques)<\/span>\n\t\t\t\t\t<span class=\"cue-track-artist\" itemprop=\"byArtist\">Robbe\/Gloaguen Quartet<\/span>\n\t\t\t\t<\/span>\n\n\t\t\t\t\n\t\t\t\t<span class=\"cue-track-length cue-track-cell\">1:39<\/span>\n\n\t\t\t\t\t\t\t<\/li>\n\t\t\t\t\t<li class=\"cue-track\" itemprop=\"track\" itemscope itemtype=\"http:\/\/schema.org\/MusicRecording\">\n\t\t\t\t\n\t\t\t\t<span class=\"cue-track-details cue-track-cell\">\n\t\t\t\t\t<span class=\"cue-track-title\" itemprop=\"name\">14 - Sheik Imam part 1 (F.Tusques)<\/span>\n\t\t\t\t\t<span class=\"cue-track-artist\" itemprop=\"byArtist\">Robbe\/Gloaguen Quartet<\/span>\n\t\t\t\t<\/span>\n\n\t\t\t\t\n\t\t\t\t<span class=\"cue-track-length cue-track-cell\">2:08<\/span>\n\n\t\t\t\t\t\t\t<\/li>\n\t\t\t\t\t<li class=\"cue-track\" itemprop=\"track\" itemscope itemtype=\"http:\/\/schema.org\/MusicRecording\">\n\t\t\t\t\n\t\t\t\t<span class=\"cue-track-details cue-track-cell\">\n\t\t\t\t\t<span class=\"cue-track-title\" itemprop=\"name\">15 - Sheik imam part 2 (F.Tusques)<\/span>\n\t\t\t\t\t<span class=\"cue-track-artist\" itemprop=\"byArtist\">Robbe\/Gloaguen Quartet<\/span>\n\t\t\t\t<\/span>\n\n\t\t\t\t\n\t\t\t\t<span class=\"cue-track-length cue-track-cell\">2:17<\/span>\n\n\t\t\t\t\t\t\t<\/li>\n\t\t\t<\/ol>\n\n\t<\/div>\n\t\t<script type=\"application\/json\" class=\"cue-playlist-data\">{\"embed_link\":\"https:\\\/\\\/fabienrobbe.com\\\/wordfab\\\/?cue_embed=gardez-votre-sang-froid-extraits&cue_theme=default\",\"permalink\":\"https:\\\/\\\/fabienrobbe.com\\\/wordfab\\\/?cue_playlist=gardez-votre-sang-froid-extraits\",\"skin\":\"cue-skin-default\",\"thumbnail\":\"https:\\\/\\\/fabienrobbe.com\\\/wordfab\\\/wp-content\\\/uploads\\\/2020\\\/04\\\/unnamed2.jpg\",\"tracks\":[{\"artist\":\"Robbe\\\/Gloaguen Quartet\",\"artworkId\":0,\"artworkUrl\":\"\",\"audioId\":914,\"audioUrl\":\"http:\\\/\\\/fabienrobbe.com\\\/wordfab\\\/wp-content\\\/uploads\\\/2020\\\/04\\\/01-je-peux-jouer-\\u00e7a.mp3\",\"format\":\"mp3\",\"length\":\"1:12\",\"title\":\"01-je peux jouer \\u00e7a (F.Tusques)\",\"order\":0,\"mp3\":\"http:\\\/\\\/fabienrobbe.com\\\/wordfab\\\/wp-content\\\/uploads\\\/2020\\\/04\\\/01-je-peux-jouer-\\u00e7a.mp3\",\"meta\":{\"artist\":\"Robbe\\\/Gloaguen Quartet\",\"length_formatted\":\"1:12\"},\"src\":\"http:\\\/\\\/fabienrobbe.com\\\/wordfab\\\/wp-content\\\/uploads\\\/2020\\\/04\\\/01-je-peux-jouer-\\u00e7a.mp3\",\"thumb\":{\"src\":\"\"}},{\"artist\":\"Robbe\\\/Gloaguen Quartet\",\"artworkId\":0,\"artworkUrl\":\"\",\"audioId\":915,\"audioUrl\":\"http:\\\/\\\/fabienrobbe.com\\\/wordfab\\\/wp-content\\\/uploads\\\/2020\\\/04\\\/02-Gardez-votre-sang-froid.mp3\",\"format\":\"mp3\",\"length\":\"1:12\",\"title\":\"02- Gardez votre sang froid (F.Tusques)\",\"order\":1,\"mp3\":\"http:\\\/\\\/fabienrobbe.com\\\/wordfab\\\/wp-content\\\/uploads\\\/2020\\\/04\\\/02-Gardez-votre-sang-froid.mp3\",\"meta\":{\"artist\":\"Robbe\\\/Gloaguen Quartet\",\"length_formatted\":\"1:12\"},\"src\":\"http:\\\/\\\/fabienrobbe.com\\\/wordfab\\\/wp-content\\\/uploads\\\/2020\\\/04\\\/02-Gardez-votre-sang-froid.mp3\",\"thumb\":{\"src\":\"\"}},{\"artist\":\"Robbe\\\/Gloaguen Quartet\",\"artworkId\":0,\"artworkUrl\":\"\",\"audioId\":916,\"audioUrl\":\"http:\\\/\\\/fabienrobbe.com\\\/wordfab\\\/wp-content\\\/uploads\\\/2020\\\/04\\\/03-Le-blues-du-moulin.mp3\",\"format\":\"mp3\",\"length\":\"1:27\",\"title\":\"03 - Le blues du moulin (F.Tusques)\",\"order\":2,\"mp3\":\"http:\\\/\\\/fabienrobbe.com\\\/wordfab\\\/wp-content\\\/uploads\\\/2020\\\/04\\\/03-Le-blues-du-moulin.mp3\",\"meta\":{\"artist\":\"Robbe\\\/Gloaguen Quartet\",\"length_formatted\":\"1:27\"},\"src\":\"http:\\\/\\\/fabienrobbe.com\\\/wordfab\\\/wp-content\\\/uploads\\\/2020\\\/04\\\/03-Le-blues-du-moulin.mp3\",\"thumb\":{\"src\":\"\"}},{\"artist\":\"Robbe\\\/Gloaguen Quartet\",\"artworkId\":0,\"artworkUrl\":\"\",\"audioId\":917,\"audioUrl\":\"http:\\\/\\\/fabienrobbe.com\\\/wordfab\\\/wp-content\\\/uploads\\\/2020\\\/04\\\/04-Mine-de-rien-dans-les-coulisses.mp3\",\"format\":\"mp3\",\"length\":\"0:58\",\"title\":\"04 - Mine de rien dans les coulisses (F.Tusques)\",\"order\":3,\"mp3\":\"http:\\\/\\\/fabienrobbe.com\\\/wordfab\\\/wp-content\\\/uploads\\\/2020\\\/04\\\/04-Mine-de-rien-dans-les-coulisses.mp3\",\"meta\":{\"artist\":\"Robbe\\\/Gloaguen Quartet\",\"length_formatted\":\"0:58\"},\"src\":\"http:\\\/\\\/fabienrobbe.com\\\/wordfab\\\/wp-content\\\/uploads\\\/2020\\\/04\\\/04-Mine-de-rien-dans-les-coulisses.mp3\",\"thumb\":{\"src\":\"\"}},{\"artist\":\"Robbe\\\/Gloaguen Quartet\",\"artworkId\":0,\"artworkUrl\":\"\",\"audioId\":918,\"audioUrl\":\"http:\\\/\\\/fabienrobbe.com\\\/wordfab\\\/wp-content\\\/uploads\\\/2020\\\/04\\\/05-Bass-bal.mp3\",\"format\":\"mp3\",\"length\":\"0:52\",\"title\":\"05 - Bass bal (F.Tusques)\",\"order\":4,\"mp3\":\"http:\\\/\\\/fabienrobbe.com\\\/wordfab\\\/wp-content\\\/uploads\\\/2020\\\/04\\\/05-Bass-bal.mp3\",\"meta\":{\"artist\":\"Robbe\\\/Gloaguen Quartet\",\"length_formatted\":\"0:52\"},\"src\":\"http:\\\/\\\/fabienrobbe.com\\\/wordfab\\\/wp-content\\\/uploads\\\/2020\\\/04\\\/05-Bass-bal.mp3\",\"thumb\":{\"src\":\"\"}},{\"artist\":\"Robbe\\\/Gloaguen Quartet\",\"artworkId\":0,\"artworkUrl\":\"\",\"audioId\":919,\"audioUrl\":\"http:\\\/\\\/fabienrobbe.com\\\/wordfab\\\/wp-content\\\/uploads\\\/2020\\\/04\\\/06-Lil\\u00f4t-Chalon.mp3\",\"format\":\"mp3\",\"length\":\"1:08\",\"title\":\"06 - L'il\\u00f4t Chalon (F.Tusques)\",\"order\":5,\"mp3\":\"http:\\\/\\\/fabienrobbe.com\\\/wordfab\\\/wp-content\\\/uploads\\\/2020\\\/04\\\/06-Lil\\u00f4t-Chalon.mp3\",\"meta\":{\"artist\":\"Robbe\\\/Gloaguen Quartet\",\"length_formatted\":\"1:08\"},\"src\":\"http:\\\/\\\/fabienrobbe.com\\\/wordfab\\\/wp-content\\\/uploads\\\/2020\\\/04\\\/06-Lil\\u00f4t-Chalon.mp3\",\"thumb\":{\"src\":\"\"}},{\"artist\":\"Robbe\\\/Gloaguen Quartet\",\"artworkId\":0,\"artworkUrl\":\"\",\"audioId\":920,\"audioUrl\":\"http:\\\/\\\/fabienrobbe.com\\\/wordfab\\\/wp-content\\\/uploads\\\/2020\\\/04\\\/07-V\\u00e9rification-didentit\\u00e9.mp3\",\"format\":\"mp3\",\"length\":\"1:13\",\"title\":\"07 - V\\u00e9rification d'identit\\u00e9 (F.Tusques)\",\"order\":6,\"mp3\":\"http:\\\/\\\/fabienrobbe.com\\\/wordfab\\\/wp-content\\\/uploads\\\/2020\\\/04\\\/07-V\\u00e9rification-didentit\\u00e9.mp3\",\"meta\":{\"artist\":\"Robbe\\\/Gloaguen Quartet\",\"length_formatted\":\"1:13\"},\"src\":\"http:\\\/\\\/fabienrobbe.com\\\/wordfab\\\/wp-content\\\/uploads\\\/2020\\\/04\\\/07-V\\u00e9rification-didentit\\u00e9.mp3\",\"thumb\":{\"src\":\"\"}},{\"artist\":\"Robbe\\\/Gloaguen Quartet\",\"artworkId\":0,\"artworkUrl\":\"\",\"audioId\":921,\"audioUrl\":\"http:\\\/\\\/fabienrobbe.com\\\/wordfab\\\/wp-content\\\/uploads\\\/2020\\\/04\\\/08-Une-fleur-entre-les-pav\\u00e9s.mp3\",\"format\":\"mp3\",\"length\":\"1:05\",\"title\":\"08 - Une fleur entre les pav\\u00e9s (F.Tusques)\",\"order\":7,\"mp3\":\"http:\\\/\\\/fabienrobbe.com\\\/wordfab\\\/wp-content\\\/uploads\\\/2020\\\/04\\\/08-Une-fleur-entre-les-pav\\u00e9s.mp3\",\"meta\":{\"artist\":\"Robbe\\\/Gloaguen Quartet\",\"length_formatted\":\"1:05\"},\"src\":\"http:\\\/\\\/fabienrobbe.com\\\/wordfab\\\/wp-content\\\/uploads\\\/2020\\\/04\\\/08-Une-fleur-entre-les-pav\\u00e9s.mp3\",\"thumb\":{\"src\":\"\"}},{\"artist\":\"Robbe\\\/Gloaguen Quartet\",\"artworkId\":0,\"artworkUrl\":\"\",\"audioId\":922,\"audioUrl\":\"http:\\\/\\\/fabienrobbe.com\\\/wordfab\\\/wp-content\\\/uploads\\\/2020\\\/04\\\/09-Combat-de-coq.mp3\",\"format\":\"mp3\",\"length\":\"1:26\",\"title\":\"09 - Combat de coq (F.Tusques)\",\"order\":8,\"mp3\":\"http:\\\/\\\/fabienrobbe.com\\\/wordfab\\\/wp-content\\\/uploads\\\/2020\\\/04\\\/09-Combat-de-coq.mp3\",\"meta\":{\"artist\":\"Robbe\\\/Gloaguen Quartet\",\"length_formatted\":\"1:26\"},\"src\":\"http:\\\/\\\/fabienrobbe.com\\\/wordfab\\\/wp-content\\\/uploads\\\/2020\\\/04\\\/09-Combat-de-coq.mp3\",\"thumb\":{\"src\":\"\"}},{\"artist\":\"Robbe\\\/Gloaguen Quartet\",\"artworkId\":0,\"artworkUrl\":\"\",\"audioId\":923,\"audioUrl\":\"http:\\\/\\\/fabienrobbe.com\\\/wordfab\\\/wp-content\\\/uploads\\\/2020\\\/04\\\/10-mon-coeur-ressemble-\\u00e0-un-bol-de-lait-qui-frissone.mp3\",\"format\":\"mp3\",\"length\":\"1:18\",\"title\":\"10 - mon coeur ressemble \\u00e0 un bol de lait qui frissone (F.Tusques)\",\"order\":9,\"mp3\":\"http:\\\/\\\/fabienrobbe.com\\\/wordfab\\\/wp-content\\\/uploads\\\/2020\\\/04\\\/10-mon-coeur-ressemble-\\u00e0-un-bol-de-lait-qui-frissone.mp3\",\"meta\":{\"artist\":\"Robbe\\\/Gloaguen Quartet\",\"length_formatted\":\"1:18\"},\"src\":\"http:\\\/\\\/fabienrobbe.com\\\/wordfab\\\/wp-content\\\/uploads\\\/2020\\\/04\\\/10-mon-coeur-ressemble-\\u00e0-un-bol-de-lait-qui-frissone.mp3\",\"thumb\":{\"src\":\"\"}},{\"artist\":\"Robbe\\\/Gloaguen Quartet\",\"artworkId\":0,\"artworkUrl\":\"\",\"audioId\":924,\"audioUrl\":\"http:\\\/\\\/fabienrobbe.com\\\/wordfab\\\/wp-content\\\/uploads\\\/2020\\\/04\\\/11-Carmen.mp3\",\"format\":\"mp3\",\"length\":\"1:12\",\"title\":\"11 - A propos du voyage de Carmen en Chine (F.Tusques)\",\"order\":10,\"mp3\":\"http:\\\/\\\/fabienrobbe.com\\\/wordfab\\\/wp-content\\\/uploads\\\/2020\\\/04\\\/11-Carmen.mp3\",\"meta\":{\"artist\":\"Robbe\\\/Gloaguen Quartet\",\"length_formatted\":\"1:12\"},\"src\":\"http:\\\/\\\/fabienrobbe.com\\\/wordfab\\\/wp-content\\\/uploads\\\/2020\\\/04\\\/11-Carmen.mp3\",\"thumb\":{\"src\":\"\"}},{\"artist\":\"Robbe\\\/Gloaguen Quartet\",\"artworkId\":0,\"artworkUrl\":\"\",\"audioId\":925,\"audioUrl\":\"http:\\\/\\\/fabienrobbe.com\\\/wordfab\\\/wp-content\\\/uploads\\\/2020\\\/04\\\/12-Gavotte-au-del\\u00e0-des-mers.mp3\",\"format\":\"mp3\",\"length\":\"1:25\",\"title\":\"12 - Gavotte au-del\\u00e0 des mers (F.Tusques)\",\"order\":11,\"mp3\":\"http:\\\/\\\/fabienrobbe.com\\\/wordfab\\\/wp-content\\\/uploads\\\/2020\\\/04\\\/12-Gavotte-au-del\\u00e0-des-mers.mp3\",\"meta\":{\"artist\":\"Robbe\\\/Gloaguen Quartet\",\"length_formatted\":\"1:25\"},\"src\":\"http:\\\/\\\/fabienrobbe.com\\\/wordfab\\\/wp-content\\\/uploads\\\/2020\\\/04\\\/12-Gavotte-au-del\\u00e0-des-mers.mp3\",\"thumb\":{\"src\":\"\"}},{\"artist\":\"Robbe\\\/Gloaguen Quartet\",\"artworkId\":0,\"artworkUrl\":\"\",\"audioId\":926,\"audioUrl\":\"http:\\\/\\\/fabienrobbe.com\\\/wordfab\\\/wp-content\\\/uploads\\\/2020\\\/04\\\/13-Les-amis-dafrique.mp3\",\"format\":\"mp3\",\"length\":\"1:39\",\"title\":\"13 - Les amis d'afrique (F.Tusques)\",\"order\":12,\"mp3\":\"http:\\\/\\\/fabienrobbe.com\\\/wordfab\\\/wp-content\\\/uploads\\\/2020\\\/04\\\/13-Les-amis-dafrique.mp3\",\"meta\":{\"artist\":\"Robbe\\\/Gloaguen Quartet\",\"length_formatted\":\"1:39\"},\"src\":\"http:\\\/\\\/fabienrobbe.com\\\/wordfab\\\/wp-content\\\/uploads\\\/2020\\\/04\\\/13-Les-amis-dafrique.mp3\",\"thumb\":{\"src\":\"\"}},{\"artist\":\"Robbe\\\/Gloaguen Quartet\",\"artworkId\":0,\"artworkUrl\":\"\",\"audioId\":935,\"audioUrl\":\"http:\\\/\\\/fabienrobbe.com\\\/wordfab\\\/wp-content\\\/uploads\\\/2020\\\/04\\\/14-Sheik-Imam-part-1.mp3\",\"format\":\"mp3\",\"length\":\"2:08\",\"title\":\"14 - Sheik Imam part 1 (F.Tusques)\",\"order\":13,\"mp3\":\"http:\\\/\\\/fabienrobbe.com\\\/wordfab\\\/wp-content\\\/uploads\\\/2020\\\/04\\\/14-Sheik-Imam-part-1.mp3\",\"meta\":{\"artist\":\"Robbe\\\/Gloaguen Quartet\",\"length_formatted\":\"2:08\"},\"src\":\"http:\\\/\\\/fabienrobbe.com\\\/wordfab\\\/wp-content\\\/uploads\\\/2020\\\/04\\\/14-Sheik-Imam-part-1.mp3\",\"thumb\":{\"src\":\"\"}},{\"artist\":\"Robbe\\\/Gloaguen Quartet\",\"artworkId\":0,\"artworkUrl\":\"\",\"audioId\":936,\"audioUrl\":\"http:\\\/\\\/fabienrobbe.com\\\/wordfab\\\/wp-content\\\/uploads\\\/2020\\\/04\\\/15-Sheik-imam-part-2.mp3\",\"format\":\"mp3\",\"length\":\"2:17\",\"title\":\"15 - Sheik imam part 2 (F.Tusques)\",\"order\":14,\"mp3\":\"http:\\\/\\\/fabienrobbe.com\\\/wordfab\\\/wp-content\\\/uploads\\\/2020\\\/04\\\/15-Sheik-imam-part-2.mp3\",\"meta\":{\"artist\":\"Robbe\\\/Gloaguen Quartet\",\"length_formatted\":\"2:17\"},\"src\":\"http:\\\/\\\/fabienrobbe.com\\\/wordfab\\\/wp-content\\\/uploads\\\/2020\\\/04\\\/15-Sheik-imam-part-2.mp3\",\"thumb\":{\"src\":\"\"}}]}<\/script>\n\t\t<\/div>\n","protected":false},"excerpt":{"rendered":"<p>\u00ab\u00a0N&rsquo;\u00e9coutez pas \u00e7a dans votre canap\u00e9. Ou alors, faites de la place dans la pi\u00e8ce, invitez des amis, retrouvez, comme Fabien, cette envie de lutter [&#8230;]<\/p>\n","protected":false},"author":1,"featured_media":0,"parent":0,"menu_order":0,"comment_status":"closed","ping_status":"closed","template":"","meta":{"footnotes":""},"class_list":["post-937","page","type-page","status-publish","hentry"],"_links":{"self":[{"href":"https:\/\/fabienrobbe.com\/wordfab\/wp-json\/wp\/v2\/pages\/937","targetHints":{"allow":["GET"]}}],"collection":[{"href":"https:\/\/fabienrobbe.com\/wordfab\/wp-json\/wp\/v2\/pages"}],"about":[{"href":"https:\/\/fabienrobbe.com\/wordfab\/wp-json\/wp\/v2\/types\/page"}],"author":[{"embeddable":true,"href":"https:\/\/fabienrobbe.com\/wordfab\/wp-json\/wp\/v2\/users\/1"}],"replies":[{"embeddable":true,"href":"https:\/\/fabienrobbe.com\/wordfab\/wp-json\/wp\/v2\/comments?post=937"}],"version-history":[{"count":19,"href":"https:\/\/fabienrobbe.com\/wordfab\/wp-json\/wp\/v2\/pages\/937\/revisions"}],"predecessor-version":[{"id":1102,"href":"https:\/\/fabienrobbe.com\/wordfab\/wp-json\/wp\/v2\/pages\/937\/revisions\/1102"}],"wp:attachment":[{"href":"https:\/\/fabienrobbe.com\/wordfab\/wp-json\/wp\/v2\/media?parent=937"}],"curies":[{"name":"wp","href":"https:\/\/api.w.org\/{rel}","templated":true}]}}