{"id":593,"date":"2018-02-09T23:53:45","date_gmt":"2018-02-09T23:53:45","guid":{"rendered":"http:\/\/fabienrobbe.com\/wordfab\/?page_id=593"},"modified":"2021-01-04T13:23:01","modified_gmt":"2021-01-04T13:23:01","slug":"robbe-gloaguen-piano-batterie","status":"publish","type":"page","link":"https:\/\/fabienrobbe.com\/wordfab\/robbe-gloaguen-piano-batterie\/","title":{"rendered":"Robbe\/Gloaguen (piano\/batterie) ETATS D&rsquo;URGENCES (I)"},"content":{"rendered":"<h1 style=\"text-align: center;\">!!! JAZZ RURAL ET AUTRES IMPR\u00c9VUS !!!<\/h1>\n<h1 style=\"text-align: center;\"><img loading=\"lazy\" decoding=\"async\" class=\"alignnone size-medium wp-image-1037\" src=\"https:\/\/fabienrobbe.com\/wordfab\/wp-content\/uploads\/2020\/04\/image-300x199.jpg\" alt=\"\" width=\"300\" height=\"199\" srcset=\"https:\/\/fabienrobbe.com\/wordfab\/wp-content\/uploads\/2020\/04\/image-300x199.jpg 300w, https:\/\/fabienrobbe.com\/wordfab\/wp-content\/uploads\/2020\/04\/image-250x166.jpg 250w, https:\/\/fabienrobbe.com\/wordfab\/wp-content\/uploads\/2020\/04\/image-50x33.jpg 50w, https:\/\/fabienrobbe.com\/wordfab\/wp-content\/uploads\/2020\/04\/image.jpg 700w\" sizes=\"auto, (max-width: 300px) 100vw, 300px\" \/><\/h1>\n<p style=\"text-align: justify;\">Le duo s\u2019est form\u00e9 pour un soir, autour du r\u00e9pertoire extrait de l\u2019album de Fabien Robbe \u00ab da bep lec\u2019h \u00bb.Ce coup d\u2019essai r\u00e9ussi,ils se retrouvent \u00e0 l\u2019automne 2016 avec la folle envie d\u2019immortaliser le projet sur<br \/>\ndisque. Onze titres apparaissent avec comme point d\u2019appui un album de Fran\u00e7ois Tusques et No\u00ebl McGhie<br \/>\n\u00ab Topolitologie \u00bb. L\u2019album \u00ab Etats d\u2019Urgences \u00bb parait en mai 2017 sur le label Improvising Beings de Julien Palomo.Salu\u00e9 par la critique nationale et r\u00e9gionale sp\u00e9cialis\u00e9e (Jazz News, Jazz Mag, Le Cri de L\u2019Ormeau), de nombreux concerts s\u2019en suivent (2e au tremplin du festival Jazz In Langourla, festival Terres Fertiles, cabarets \u2013 Aux Anges, Le Jam Session, Le Sarah B,performance en compagnie du peintre Mik J\u00e9gou\u2026). Notre volont\u00e9 est de cr\u00e9er un lien entre un jazz ouvert et lib\u00e9r\u00e9 (Tusques, Don Cherry,\u2026) et une certaines traditions. Faisant fi des clich\u00e9s, la recherche d\u2019authenticit\u00e9 prime sur les \u00e9tiquettes. L\u2019improvisation, l\u2019impr\u00e9visible,le dialogue entre les deux instruments constituent la trame du projet.<\/p>\n<blockquote>\n<p style=\"text-align: justify;\"><strong><em>\u00ab\u00a0On y d\u00e9couvre quelques belles audaces, un vrai savoir faire non format\u00e9, une voie originale. Ce qui me ravit sinc\u00e8rement c\u2019est l\u2019absence de formatage et qu\u2019on n\u2019a pas besoin de contrebassiste. J\u00e9r\u00f4me Gloaguen joue un soutien en forme de dialogue subtil et a le bon feeling pour le jeu tr\u00e8s swinguant du pianiste Fabien Robbe. Un chouette style\u2026 un c\u00f4t\u00e9 presque africain \u2026. une belle \u00e9nergie qui balance vraiment\u2026. \u00bb Jean Michel Van Shouwburg \u2013 Septembre 2017<\/em><\/strong><\/p>\n<\/blockquote>\n<p>Ci-dessous, des extraits de l&rsquo;album ETATS D&rsquo;URGENCES. N&rsquo;h\u00e9sitez pas \u00e0 passer commande en <a href=\"https:\/\/fabienrobbe.com\/wordfab\/boutique\/\">BOUTIQUE<\/a>.<\/p>\n<div class=\"wp-playlist wp-audio-playlist wp-playlist-light\">\n\t\t\t<div class=\"wp-playlist-current-item\"><\/div>\n\t\t<audio controls=\"controls\" preload=\"none\" width=\"778\"\n\t\t\t><\/audio>\n\t<div class=\"wp-playlist-next\"><\/div>\n\t<div class=\"wp-playlist-prev\"><\/div>\n\t<noscript>\n\t<ol>\n\t\t<li><a href='https:\/\/fabienrobbe.com\/wordfab\/wp-content\/uploads\/2017\/05\/01-Pr\u00e9lude-1-.mp3'>01-Pr\u00e9lude #1 extrait<\/a><\/li><li><a href='https:\/\/fabienrobbe.com\/wordfab\/wp-content\/uploads\/2017\/05\/02-Victorine-Trad_F.Robbe_.mp3'>02-Victorine (Trad_F.Robbe)<\/a><\/li><li><a href='https:\/\/fabienrobbe.com\/wordfab\/wp-content\/uploads\/2017\/05\/03-Chants-de-nuitF.Robbe_.mp3'>03-Chants de nuit(F.Robbe)<\/a><\/li><li><a href='https:\/\/fabienrobbe.com\/wordfab\/wp-content\/uploads\/2017\/05\/05-Mouvances-F.Robbe_.mp3'>05-Mouvances (F.Robbe)<\/a><\/li><li><a href='https:\/\/fabienrobbe.com\/wordfab\/wp-content\/uploads\/2017\/05\/06-Les-anges-F.Robbe_.mp3'>06-Les anges (F.Robbe)<\/a><\/li><li><a href='https:\/\/fabienrobbe.com\/wordfab\/wp-content\/uploads\/2017\/05\/07-Gavotte-Au-rendez-vous-des-chasseurs-de-sangliers-tusques-.mp3'>07-Gavotte Au rendez vous des chasseurs de sangliers (tusques)<\/a><\/li><li><a href='https:\/\/fabienrobbe.com\/wordfab\/wp-content\/uploads\/2017\/05\/08-Tamm-kreiz-tusques.mp3'>08-Tamm kreiz (tusques)<\/a><\/li><li><a href='https:\/\/fabienrobbe.com\/wordfab\/wp-content\/uploads\/2017\/05\/09-Ton-doubl-tusques.mp3'>09-Ton doubl (tusques)<\/a><\/li><li><a href='https:\/\/fabienrobbe.com\/wordfab\/wp-content\/uploads\/2017\/05\/10-Gwerz-Fanch-Tux-tusques.mp3'>10-Gwerz Fanch Tux (tusques)<\/a><\/li><li><a href='https:\/\/fabienrobbe.com\/wordfab\/wp-content\/uploads\/2017\/05\/11-du-funky-pour-tanguy-tusques.mp3'>11- du funky pour tanguy (tusques)<\/a><\/li><li><a href='https:\/\/fabienrobbe.com\/wordfab\/wp-content\/uploads\/2017\/05\/04-pr\u00e9lude2-F.Robbe_.mp3'>04-pr\u00e9lude#2 (F.Robbe)<\/a><\/li>\t<\/ol>\n\t<\/noscript>\n\t<script type=\"application\/json\" class=\"wp-playlist-script\">{\"type\":\"audio\",\"tracklist\":true,\"tracknumbers\":true,\"images\":false,\"artists\":true,\"tracks\":[{\"src\":\"https:\/\/fabienrobbe.com\/wordfab\/wp-content\/uploads\/2017\/05\/01-Pr\\u00e9lude-1-.mp3\",\"type\":\"audio\/mpeg\",\"title\":\"01-Pr\\u00e9lude #1 extrait\",\"caption\":\"01-pr\\u00e9lude 1\\n\",\"description\":\"\\u003Ci\\u003E01-Pr\\u00e9lude #1\\u003C\/i\\u003E.\",\"meta\":{\"artist\":\"Robbe\/Gloaguen\",\"album\":\"Etats d'urgences\",\"length_formatted\":\"1:02\"},\"image\":{\"src\":\"https:\/\/fabienrobbe.com\/wordfab\/wp-includes\/images\/media\/audio.svg\",\"width\":48,\"height\":64},\"thumb\":{\"src\":\"https:\/\/fabienrobbe.com\/wordfab\/wp-includes\/images\/media\/audio.svg\",\"width\":48,\"height\":64}},{\"src\":\"https:\/\/fabienrobbe.com\/wordfab\/wp-content\/uploads\/2017\/05\/02-Victorine-Trad_F.Robbe_.mp3\",\"type\":\"audio\/mpeg\",\"title\":\"02-Victorine (Trad_F.Robbe)\",\"caption\":\"\",\"description\":\"\\u003Ci\\u003E02-Victorine (Trad_F.Robbe)\\u003C\/i\\u003E.\",\"meta\":{\"length_formatted\":\"1:22\"},\"image\":{\"src\":\"https:\/\/fabienrobbe.com\/wordfab\/wp-includes\/images\/media\/audio.svg\",\"width\":48,\"height\":64},\"thumb\":{\"src\":\"https:\/\/fabienrobbe.com\/wordfab\/wp-includes\/images\/media\/audio.svg\",\"width\":48,\"height\":64}},{\"src\":\"https:\/\/fabienrobbe.com\/wordfab\/wp-content\/uploads\/2017\/05\/03-Chants-de-nuitF.Robbe_.mp3\",\"type\":\"audio\/mpeg\",\"title\":\"03-Chants de nuit(F.Robbe)\",\"caption\":\"\",\"description\":\"\\u003Ci\\u003E03-Chants de nuit(F.Robbe)\\u003C\/i\\u003E.\",\"meta\":{\"length_formatted\":\"2:05\"},\"image\":{\"src\":\"https:\/\/fabienrobbe.com\/wordfab\/wp-includes\/images\/media\/audio.svg\",\"width\":48,\"height\":64},\"thumb\":{\"src\":\"https:\/\/fabienrobbe.com\/wordfab\/wp-includes\/images\/media\/audio.svg\",\"width\":48,\"height\":64}},{\"src\":\"https:\/\/fabienrobbe.com\/wordfab\/wp-content\/uploads\/2017\/05\/05-Mouvances-F.Robbe_.mp3\",\"type\":\"audio\/mpeg\",\"title\":\"05-Mouvances (F.Robbe)\",\"caption\":\"\",\"description\":\"\\u003Ci\\u003E05-Mouvances (F.Robbe)\\u003C\/i\\u003E.\",\"meta\":{\"length_formatted\":\"1:44\"},\"image\":{\"src\":\"https:\/\/fabienrobbe.com\/wordfab\/wp-includes\/images\/media\/audio.svg\",\"width\":48,\"height\":64},\"thumb\":{\"src\":\"https:\/\/fabienrobbe.com\/wordfab\/wp-includes\/images\/media\/audio.svg\",\"width\":48,\"height\":64}},{\"src\":\"https:\/\/fabienrobbe.com\/wordfab\/wp-content\/uploads\/2017\/05\/06-Les-anges-F.Robbe_.mp3\",\"type\":\"audio\/mpeg\",\"title\":\"06-Les anges (F.Robbe)\",\"caption\":\"\",\"description\":\"\\u003Ci\\u003E06-Les anges (F.Robbe)\\u003C\/i\\u003E.\",\"meta\":{\"length_formatted\":\"1:31\"},\"image\":{\"src\":\"https:\/\/fabienrobbe.com\/wordfab\/wp-includes\/images\/media\/audio.svg\",\"width\":48,\"height\":64},\"thumb\":{\"src\":\"https:\/\/fabienrobbe.com\/wordfab\/wp-includes\/images\/media\/audio.svg\",\"width\":48,\"height\":64}},{\"src\":\"https:\/\/fabienrobbe.com\/wordfab\/wp-content\/uploads\/2017\/05\/07-Gavotte-Au-rendez-vous-des-chasseurs-de-sangliers-tusques-.mp3\",\"type\":\"audio\/mpeg\",\"title\":\"07-Gavotte Au rendez vous des chasseurs de sangliers (tusques)\",\"caption\":\"\",\"description\":\"\\u003Ci\\u003E07-Gavotte Au rendez vous des chasseurs de sangliers (tusques)\\u003C\/i\\u003E.\",\"meta\":{\"length_formatted\":\"1:14\"},\"image\":{\"src\":\"https:\/\/fabienrobbe.com\/wordfab\/wp-includes\/images\/media\/audio.svg\",\"width\":48,\"height\":64},\"thumb\":{\"src\":\"https:\/\/fabienrobbe.com\/wordfab\/wp-includes\/images\/media\/audio.svg\",\"width\":48,\"height\":64}},{\"src\":\"https:\/\/fabienrobbe.com\/wordfab\/wp-content\/uploads\/2017\/05\/08-Tamm-kreiz-tusques.mp3\",\"type\":\"audio\/mpeg\",\"title\":\"08-Tamm kreiz (tusques)\",\"caption\":\"\",\"description\":\"\\u003Ci\\u003E08-Tamm kreiz (tusques)\\u003C\/i\\u003E.\",\"meta\":{\"length_formatted\":\"1:22\"},\"image\":{\"src\":\"https:\/\/fabienrobbe.com\/wordfab\/wp-includes\/images\/media\/audio.svg\",\"width\":48,\"height\":64},\"thumb\":{\"src\":\"https:\/\/fabienrobbe.com\/wordfab\/wp-includes\/images\/media\/audio.svg\",\"width\":48,\"height\":64}},{\"src\":\"https:\/\/fabienrobbe.com\/wordfab\/wp-content\/uploads\/2017\/05\/09-Ton-doubl-tusques.mp3\",\"type\":\"audio\/mpeg\",\"title\":\"09-Ton doubl (tusques)\",\"caption\":\"\",\"description\":\"\\u003Ci\\u003E09-Ton doubl (tusques)\\u003C\/i\\u003E.\",\"meta\":{\"length_formatted\":\"1:33\"},\"image\":{\"src\":\"https:\/\/fabienrobbe.com\/wordfab\/wp-includes\/images\/media\/audio.svg\",\"width\":48,\"height\":64},\"thumb\":{\"src\":\"https:\/\/fabienrobbe.com\/wordfab\/wp-includes\/images\/media\/audio.svg\",\"width\":48,\"height\":64}},{\"src\":\"https:\/\/fabienrobbe.com\/wordfab\/wp-content\/uploads\/2017\/05\/10-Gwerz-Fanch-Tux-tusques.mp3\",\"type\":\"audio\/mpeg\",\"title\":\"10-Gwerz Fanch Tux (tusques)\",\"caption\":\"\",\"description\":\"\\u003Ci\\u003E10-Gwerz Fanch Tux (tusques)\\u003C\/i\\u003E.\",\"meta\":{\"length_formatted\":\"1:32\"},\"image\":{\"src\":\"https:\/\/fabienrobbe.com\/wordfab\/wp-includes\/images\/media\/audio.svg\",\"width\":48,\"height\":64},\"thumb\":{\"src\":\"https:\/\/fabienrobbe.com\/wordfab\/wp-includes\/images\/media\/audio.svg\",\"width\":48,\"height\":64}},{\"src\":\"https:\/\/fabienrobbe.com\/wordfab\/wp-content\/uploads\/2017\/05\/11-du-funky-pour-tanguy-tusques.mp3\",\"type\":\"audio\/mpeg\",\"title\":\"11- du funky pour tanguy (tusques)\",\"caption\":\"\",\"description\":\"\\u003Ci\\u003E11- du funky pour tanguy (tusques)\\u003C\/i\\u003E.\",\"meta\":{\"length_formatted\":\"1:48\"},\"image\":{\"src\":\"https:\/\/fabienrobbe.com\/wordfab\/wp-includes\/images\/media\/audio.svg\",\"width\":48,\"height\":64},\"thumb\":{\"src\":\"https:\/\/fabienrobbe.com\/wordfab\/wp-includes\/images\/media\/audio.svg\",\"width\":48,\"height\":64}},{\"src\":\"https:\/\/fabienrobbe.com\/wordfab\/wp-content\/uploads\/2017\/05\/04-pr\\u00e9lude2-F.Robbe_.mp3\",\"type\":\"audio\/mpeg\",\"title\":\"04-pr\\u00e9lude#2 (F.Robbe)\",\"caption\":\"\",\"description\":\"\\u003Ci\\u003E04-pr\\u00e9lude#2 (F.Robbe)\\u003C\/i\\u003E.\",\"meta\":{\"length_formatted\":\"1:21\"},\"image\":{\"src\":\"https:\/\/fabienrobbe.com\/wordfab\/wp-includes\/images\/media\/audio.svg\",\"width\":48,\"height\":64},\"thumb\":{\"src\":\"https:\/\/fabienrobbe.com\/wordfab\/wp-includes\/images\/media\/audio.svg\",\"width\":48,\"height\":64}}]}<\/script>\n<\/div>\n\t\n","protected":false},"excerpt":{"rendered":"<p>!!! JAZZ RURAL ET AUTRES IMPR\u00c9VUS !!! Le duo s\u2019est form\u00e9 pour un soir, autour du r\u00e9pertoire extrait de l\u2019album de Fabien Robbe \u00ab da [&#8230;]<\/p>\n","protected":false},"author":1,"featured_media":0,"parent":0,"menu_order":0,"comment_status":"closed","ping_status":"closed","template":"","meta":{"footnotes":""},"class_list":["post-593","page","type-page","status-publish","hentry"],"_links":{"self":[{"href":"https:\/\/fabienrobbe.com\/wordfab\/wp-json\/wp\/v2\/pages\/593","targetHints":{"allow":["GET"]}}],"collection":[{"href":"https:\/\/fabienrobbe.com\/wordfab\/wp-json\/wp\/v2\/pages"}],"about":[{"href":"https:\/\/fabienrobbe.com\/wordfab\/wp-json\/wp\/v2\/types\/page"}],"author":[{"embeddable":true,"href":"https:\/\/fabienrobbe.com\/wordfab\/wp-json\/wp\/v2\/users\/1"}],"replies":[{"embeddable":true,"href":"https:\/\/fabienrobbe.com\/wordfab\/wp-json\/wp\/v2\/comments?post=593"}],"version-history":[{"count":14,"href":"https:\/\/fabienrobbe.com\/wordfab\/wp-json\/wp\/v2\/pages\/593\/revisions"}],"predecessor-version":[{"id":1100,"href":"https:\/\/fabienrobbe.com\/wordfab\/wp-json\/wp\/v2\/pages\/593\/revisions\/1100"}],"wp:attachment":[{"href":"https:\/\/fabienrobbe.com\/wordfab\/wp-json\/wp\/v2\/media?parent=593"}],"curies":[{"name":"wp","href":"https:\/\/api.w.org\/{rel}","templated":true}]}}