{"id":184,"date":"2015-09-07T23:04:56","date_gmt":"2015-09-07T23:04:56","guid":{"rendered":"http:\/\/fabienrobbe.com\/wordfab\/?page_id=184"},"modified":"2025-05-10T21:48:08","modified_gmt":"2025-05-10T21:48:08","slug":"biographie","status":"publish","type":"page","link":"https:\/\/fabienrobbe.com\/wordfab\/biographie\/","title":{"rendered":"Biographie"},"content":{"rendered":"\n<div class=\"wp-block-group\"><div class=\"wp-block-group__inner-container is-layout-flow wp-block-group-is-layout-flow\">\n<p>Musicien inclassable, Fabien Robbe navigue depuis les ann\u00e9es 90 entre tradition et exp\u00e9rimentation, entre m\u00e9moire et invention.<\/p>\n<p>Poly instrumentiste (piano, trompette, accord\u00e9on, basse), compositeur, improvisateur, il cultive une approche libre de la musique, \u00e0 la crois\u00e9e du jazz et de l&rsquo;afrique, de la musique bretonne et centre france, des musiques \u00e9lectroniques et contemporaines.<\/p>\n<p>Originaire, de Thimert-G\u00e2telles (28), il se forme \u00e0 la trompette, au piano et \u00e0 la guitare. Il d\u00e9couvre les richesses culturelles bretonnes lors de son entr\u00e9e au lyc\u00e9e de St Quay-Portrieux. En 1996, il participe \u00e0 la fondation du groupe de fest-noz <strong>MENESTRA\u00a0<\/strong>avec <strong>Gurvan Kerboeuf<\/strong> \u00e0 la vielle \u00e0 roue. <strong>MENESTRA<\/strong> aura eu une vie bien remplie : vainqueur du concours interlyc\u00e9e et du kan ar bobl en 1999, 3 albums dont le remarqu\u00e9 <em>\u00ab\u00a0Dog of Pride\u00a0\u00bb<\/em>, de nombreux festo\u00f9-noz et festivals.<\/p>\n<p>Fabien multiplie ensuite les projets : <strong>Trio Patrick Bouffard<\/strong>, <strong>Tribuil<\/strong>, <strong>Veyaj<\/strong>, duo avec <strong>Andr\u00e9 Maillet<\/strong> de 2006 \u00e0 2016, il \u00e9crit les musiques chez les fameux <strong>EOSTIGED AR STANGALA<\/strong> la troupe de danse bretonne de Quimper mainte et mainte fois r\u00e9compens\u00e9e.\u00a0\u00a0<\/p>\n<p>Un tournant d\u00e9cisif survient en 2012. Il rencontre <strong>Fran\u00e7ois Tusques\u00a0<\/strong>le vieux lion du free jazz (mais pas que&#8230;) en Fran\u00e7e. C&rsquo;est un choc, un r\u00e9veil ou plut\u00f4t un \u00e9veil. Fabien revient alors au piano, son premier amour. Il se lance ainsi dans une phase d&rsquo;\u00e9criture plus personnelle. Son premier album solo <em>\u00ab\u00a0Da bep lec&rsquo;h\u00a0\u00bb<\/em> (2015), est le premier d&rsquo;une s\u00e9rie d&rsquo;albums plus introspectifs dont le point culminant sera les <em>\u00ab\u00a024 pr\u00e9ludes\u00a0\u00bb<\/em> (2021), t\u00e9moin d&rsquo;un voyage int\u00e9rieur.<\/p>\n<p>Il forme \u00e9galement le duo piano\/batterie <strong>ROBBE\/GLOAGUEN\u00a0<\/strong>avec <strong>J\u00e9r\u00f4me Gloaguen<\/strong>. Ils explorent les confins du jazz, des traditions bretonnes, africaines et du free jazz. La musique du duo oscille entre une rage contenue et de tendres dissonances. Depuis 2016 <strong>ROBBE\/GLOAGUEN<\/strong> a enregistr\u00e9 4 albums physiques mais aussi d&rsquo;autres albums num\u00e9riques au son tr\u00e8s noisy.<\/p>\n<p>Passeur de sons, il collabore \u00e9galement avec <strong>Julien Palomo<\/strong> sur des oeuvres \u00e9lectroniques et exp\u00e9rimentales (2 albums physiques).<\/p>\n<p><strong>Des rencontres et des partages<\/strong><\/p>\n<p>Au fil des ann\u00e9es, Fabien Robbe a multipli\u00e9 les exp\u00e9riences \u00e9clectiques :<\/p>\n<p>duo avec Fran\u00e7ois Tusques, cr\u00e9ations pour le festival de Cornouaille, festival de Lorient, amzer nevez, duo de musique bretonne avec son fils <strong>Awen<\/strong> ou <strong>Claude Le Baron<\/strong>, du bombarde et orgue avec <strong>Thomas Lotout<\/strong> ou encore un hommage \u00e0 S.Grappelli avec <strong>Ronan Pinc.<\/strong><\/p>\n<p>Il paraitrait m\u00eame qu&rsquo;il se transforme en F\u00e9roceTronen lorsqu&rsquo;il est appel\u00e9 \u00e0 faire rugir son orgue avec les <strong>Ninos F\u00e9roces.<\/strong><\/p>\n<p>\u00a0<\/p>\n<p>\u00a0<\/p>\n<p>\u00a0<\/p>\n<p>\u00a0<\/p>\n<p>\u00a0<\/p>\n<\/div><\/div>\n","protected":false},"excerpt":{"rendered":"<p>Musicien inclassable, Fabien Robbe navigue depuis les ann\u00e9es 90 entre tradition et exp\u00e9rimentation, entre m\u00e9moire et invention. Poly instrumentiste (piano, trompette, accord\u00e9on, basse), compositeur, improvisateur, [&#8230;]<\/p>\n","protected":false},"author":1,"featured_media":0,"parent":0,"menu_order":0,"comment_status":"closed","ping_status":"closed","template":"","meta":{"footnotes":""},"class_list":["post-184","page","type-page","status-publish","hentry"],"_links":{"self":[{"href":"https:\/\/fabienrobbe.com\/wordfab\/wp-json\/wp\/v2\/pages\/184","targetHints":{"allow":["GET"]}}],"collection":[{"href":"https:\/\/fabienrobbe.com\/wordfab\/wp-json\/wp\/v2\/pages"}],"about":[{"href":"https:\/\/fabienrobbe.com\/wordfab\/wp-json\/wp\/v2\/types\/page"}],"author":[{"embeddable":true,"href":"https:\/\/fabienrobbe.com\/wordfab\/wp-json\/wp\/v2\/users\/1"}],"replies":[{"embeddable":true,"href":"https:\/\/fabienrobbe.com\/wordfab\/wp-json\/wp\/v2\/comments?post=184"}],"version-history":[{"count":24,"href":"https:\/\/fabienrobbe.com\/wordfab\/wp-json\/wp\/v2\/pages\/184\/revisions"}],"predecessor-version":[{"id":1247,"href":"https:\/\/fabienrobbe.com\/wordfab\/wp-json\/wp\/v2\/pages\/184\/revisions\/1247"}],"wp:attachment":[{"href":"https:\/\/fabienrobbe.com\/wordfab\/wp-json\/wp\/v2\/media?parent=184"}],"curies":[{"name":"wp","href":"https:\/\/api.w.org\/{rel}","templated":true}]}}