{"id":1260,"date":"2025-05-11T23:00:43","date_gmt":"2025-05-11T23:00:43","guid":{"rendered":"https:\/\/fabienrobbe.com\/wordfab\/?page_id=1260"},"modified":"2025-05-11T23:00:43","modified_gmt":"2025-05-11T23:00:43","slug":"piano-solo-2","status":"publish","type":"page","link":"https:\/\/fabienrobbe.com\/wordfab\/piano-solo-2\/","title":{"rendered":"PIANO SOLO !"},"content":{"rendered":"\n<p>Fabien revient ici \u00e0 ses premi\u00e8res amours, \u00e0 son premier instrument d\u2019\u00e9tude\u2026 en soliste. De la Beauce \u00e0 Baud, de sa formation\u00a0 en Centre France \u00e0 la d\u00e9couverte de la musique\u00a0 de Fran\u00e7ois Tusques en passant par ses ann\u00e9es \u00ab\u00a0bretonnes\u00a0\u00bb, il nous propose une palette riche et vari\u00e9e toute en virtuosit\u00e9.<\/p>\n<p>Ami et disciple de Fran\u00e7ois Tusques, il met \u00e0 jour le piano de celui ci (\u00e9poque\u00a0 cabaret de la derni\u00e8re chance) avec un ancrage dan la Bretagne, des influences n\u00e9o classiques, et un sens \u00e9vident et communicatif du swing improvis\u00e9. S&rsquo;il invoque la musique de son mentor, c&rsquo;est sans verser dans la r\u00e9v\u00e9rence ou le pastiche, mais plut\u00f4t en la faisant sienne :\u00a0 la capacit\u00e9 de Tusques \u00e0 nourrir sa propre sensibilit\u00e9 de traditions populaires.<\/p>\n<p>Apr\u00e8s un premier disque paru en 2015 (<a href=\"https:\/\/fabienrobbe.bandcamp.com\/album\/da-bep-lech-piano-solo-12-compositions\">\u00ab\u00a0Da Bep Lech\u00a0\u00bb<\/a>) et de nombreux concerts (en solo mais aussi duo), il aboutit, en 2019,\u00a0 \u00e0 la cr\u00e9ation de 24 pr\u00e9ludes, photographie d&rsquo;une carri\u00e8re d\u00e9j\u00e0 riche, sans concessions et diablement g\u00e9n\u00e9reuse. Ses <a href=\"https:\/\/fabienrobbe.bandcamp.com\/album\/24-pr-ludes\">24 pr\u00e9ludes<\/a> firent l&rsquo;objet d&rsquo;un album sorti en 2021 dont voici la pr\u00e9face par Didier Squiban\u00a0 :<\/p>\n<blockquote>\n<p>Ce touche \u00e0 tout nous transporte dans son univers empli d&rsquo;influences aussi diverses que vari\u00e9es : on passe ici avec brio de Bach \u00e0 Debussy, de Monk \u00e0 Tusques, de la musique bretonne \u00e0 Moussorgski&#8230;<\/p>\n<p>Entre \u00e9criture et improvisation, jazz et classique, baroque et modernit\u00e9,\u00a0 Fabien fait d\u00e9finitivement parti des musiciens qui comptent en Bretagne.<\/p>\n<\/blockquote>\n<p>\u00a0<\/p>\n\n\n\n<div class=\"wp-block-columns is-layout-flex wp-container-core-columns-is-layout-9d6595d7 wp-block-columns-is-layout-flex\">\n<div class=\"wp-block-column is-layout-flow wp-block-column-is-layout-flow\" style=\"flex-basis:100%\">\n<p style=\"text-align: center;\"><iframe loading=\"lazy\" src=\"\/\/www.youtube.com\/embed\/LjBkyDzv6UQ\" width=\"560\" height=\"314\" allowfullscreen=\"allowfullscreen\"><\/iframe><\/p>\n<\/div>\n<\/div>\n\n\n\n<div class=\"wp-block-columns is-layout-flex wp-container-core-columns-is-layout-9d6595d7 wp-block-columns-is-layout-flex\">\n<div class=\"wp-block-column is-layout-flow wp-block-column-is-layout-flow\" style=\"flex-basis:100%\">\n<div class=\"wp-block-columns is-layout-flex wp-container-core-columns-is-layout-9d6595d7 wp-block-columns-is-layout-flex\">\n<div class=\"wp-block-column is-layout-flow wp-block-column-is-layout-flow\"><\/div>\n\n\n\n<div class=\"wp-block-column is-layout-flow wp-block-column-is-layout-flow\"><\/div>\n<\/div>\n\n\n\n<div class=\"wp-block-columns is-layout-flex wp-container-core-columns-is-layout-9d6595d7 wp-block-columns-is-layout-flex\">\n<div class=\"wp-block-column is-layout-flow wp-block-column-is-layout-flow\">\n<p><iframe style=\"border: 0; width: 100%; height: 120px;\" src=\"https:\/\/bandcamp.com\/EmbeddedPlayer\/album=701283938\/size=large\/bgcol=ffffff\/linkcol=0687f5\/tracklist=false\/artwork=small\/transparent=true\/\" seamless=\"\"><a href=\"https:\/\/fabienrobbe.bandcamp.com\/album\/da-bep-lech-piano-solo-12-compositions\">Da bep lec&rsquo;h (piano solo-12 compositions) by Fabien Robbe Piano solo<\/a><\/iframe><\/p>\n<\/div>\n\n\n\n<div class=\"wp-block-column is-layout-flow wp-block-column-is-layout-flow\">\n<p><iframe style=\"border: 0; width: 100%; height: 120px;\" src=\"https:\/\/bandcamp.com\/EmbeddedPlayer\/album=1966275922\/size=large\/bgcol=ffffff\/linkcol=0687f5\/tracklist=false\/artwork=small\/transparent=true\/\" seamless=\"\"><a href=\"https:\/\/fabienrobbe.bandcamp.com\/album\/24-pr-ludes\">24 pr\u00e9ludes by fabien robbe<\/a><\/iframe><\/p>\n<\/div>\n<\/div>\n<\/div>\n<\/div>\n\n\n","protected":false},"excerpt":{"rendered":"<p>Fabien revient ici \u00e0 ses premi\u00e8res amours, \u00e0 son premier instrument d\u2019\u00e9tude\u2026 en soliste. De la Beauce \u00e0 Baud, de sa formation\u00a0 en Centre France [&#8230;]<\/p>\n","protected":false},"author":1,"featured_media":0,"parent":0,"menu_order":0,"comment_status":"closed","ping_status":"closed","template":"","meta":{"footnotes":""},"class_list":["post-1260","page","type-page","status-publish","hentry"],"_links":{"self":[{"href":"https:\/\/fabienrobbe.com\/wordfab\/wp-json\/wp\/v2\/pages\/1260","targetHints":{"allow":["GET"]}}],"collection":[{"href":"https:\/\/fabienrobbe.com\/wordfab\/wp-json\/wp\/v2\/pages"}],"about":[{"href":"https:\/\/fabienrobbe.com\/wordfab\/wp-json\/wp\/v2\/types\/page"}],"author":[{"embeddable":true,"href":"https:\/\/fabienrobbe.com\/wordfab\/wp-json\/wp\/v2\/users\/1"}],"replies":[{"embeddable":true,"href":"https:\/\/fabienrobbe.com\/wordfab\/wp-json\/wp\/v2\/comments?post=1260"}],"version-history":[{"count":4,"href":"https:\/\/fabienrobbe.com\/wordfab\/wp-json\/wp\/v2\/pages\/1260\/revisions"}],"predecessor-version":[{"id":1264,"href":"https:\/\/fabienrobbe.com\/wordfab\/wp-json\/wp\/v2\/pages\/1260\/revisions\/1264"}],"wp:attachment":[{"href":"https:\/\/fabienrobbe.com\/wordfab\/wp-json\/wp\/v2\/media?parent=1260"}],"curies":[{"name":"wp","href":"https:\/\/api.w.org\/{rel}","templated":true}]}}