{"id":1248,"date":"2025-05-11T23:04:42","date_gmt":"2025-05-11T23:04:42","guid":{"rendered":"https:\/\/fabienrobbe.com\/wordfab\/?page_id=1248"},"modified":"2025-05-12T22:08:57","modified_gmt":"2025-05-12T22:08:57","slug":"projets","status":"publish","type":"page","link":"https:\/\/fabienrobbe.com\/wordfab\/projets\/","title":{"rendered":"PROJETS"},"content":{"rendered":"\n<div class=\"wp-block-columns is-layout-flex wp-container-core-columns-is-layout-9d6595d7 wp-block-columns-is-layout-flex\">\n<div class=\"wp-block-column is-layout-flow wp-block-column-is-layout-flow\">\n<p style=\"text-align: center;\"><img loading=\"lazy\" decoding=\"async\" class=\"alignnone size-medium wp-image-1031\" src=\"https:\/\/fabienrobbe.com\/wordfab\/wp-content\/uploads\/2020\/04\/Chez-Bernard-et-Marie-2084-300x200.jpg\" alt=\"\" width=\"300\" height=\"200\" srcset=\"https:\/\/fabienrobbe.com\/wordfab\/wp-content\/uploads\/2020\/04\/Chez-Bernard-et-Marie-2084-300x200.jpg 300w, https:\/\/fabienrobbe.com\/wordfab\/wp-content\/uploads\/2020\/04\/Chez-Bernard-et-Marie-2084-1024x683.jpg 1024w, https:\/\/fabienrobbe.com\/wordfab\/wp-content\/uploads\/2020\/04\/Chez-Bernard-et-Marie-2084-768x513.jpg 768w, https:\/\/fabienrobbe.com\/wordfab\/wp-content\/uploads\/2020\/04\/Chez-Bernard-et-Marie-2084-1536x1025.jpg 1536w, https:\/\/fabienrobbe.com\/wordfab\/wp-content\/uploads\/2020\/04\/Chez-Bernard-et-Marie-2084-2048x1367.jpg 2048w, https:\/\/fabienrobbe.com\/wordfab\/wp-content\/uploads\/2020\/04\/Chez-Bernard-et-Marie-2084-250x167.jpg 250w, https:\/\/fabienrobbe.com\/wordfab\/wp-content\/uploads\/2020\/04\/Chez-Bernard-et-Marie-2084-50x33.jpg 50w\" sizes=\"auto, (max-width: 300px) 100vw, 300px\" \/><\/p>\n<p style=\"text-align: center;\"><strong>duo ROBBE\/GLOAGUEN<\/strong> (piano\/batterie)<\/p>\n<p style=\"text-align: center;\"><em>\u00ab\u00a0jazz rural et autres impr\u00e9vus\u00a0\u00bb<\/em><\/p>\n<p>Depuis 2016, ce duo atypique (piano, batterie) multiplie les exp\u00e9riences. \u00a0Ils enregistrent et jouent en concert des musiques allant du \u00a0jazz acoustique aux accents de free aux terrains fertiles de l\u2019improvisation libre et des exp\u00e9rimentations m\u00ealant traditions et sons \u00e9lectroniques. (4 albums parus).<\/p>\n<p style=\"text-align: center;\"><a href=\"https:\/\/fabienrobbe.com\/wordfab\/robbe-gloaguen\/\">plus d&rsquo;infos ici<\/a><\/p>\n<\/div>\n<\/div>\n\n\n\n<p style=\"text-align: center;\"><img loading=\"lazy\" decoding=\"async\" class=\"alignnone size-medium wp-image-975\" src=\"https:\/\/fabienrobbe.com\/wordfab\/wp-content\/uploads\/2020\/04\/cropped-Chez-Bernard-et-Marie-2089-scaled-2-300x300.jpg\" alt=\"\" width=\"300\" height=\"300\" srcset=\"https:\/\/fabienrobbe.com\/wordfab\/wp-content\/uploads\/2020\/04\/cropped-Chez-Bernard-et-Marie-2089-scaled-2-300x300.jpg 300w, https:\/\/fabienrobbe.com\/wordfab\/wp-content\/uploads\/2020\/04\/cropped-Chez-Bernard-et-Marie-2089-scaled-2-150x150.jpg 150w, https:\/\/fabienrobbe.com\/wordfab\/wp-content\/uploads\/2020\/04\/cropped-Chez-Bernard-et-Marie-2089-scaled-2-250x250.jpg 250w, https:\/\/fabienrobbe.com\/wordfab\/wp-content\/uploads\/2020\/04\/cropped-Chez-Bernard-et-Marie-2089-scaled-2-50x50.jpg 50w, https:\/\/fabienrobbe.com\/wordfab\/wp-content\/uploads\/2020\/04\/cropped-Chez-Bernard-et-Marie-2089-scaled-2-270x270.jpg 270w, https:\/\/fabienrobbe.com\/wordfab\/wp-content\/uploads\/2020\/04\/cropped-Chez-Bernard-et-Marie-2089-scaled-2-192x192.jpg 192w, https:\/\/fabienrobbe.com\/wordfab\/wp-content\/uploads\/2020\/04\/cropped-Chez-Bernard-et-Marie-2089-scaled-2-180x180.jpg 180w, https:\/\/fabienrobbe.com\/wordfab\/wp-content\/uploads\/2020\/04\/cropped-Chez-Bernard-et-Marie-2089-scaled-2-32x32.jpg 32w, https:\/\/fabienrobbe.com\/wordfab\/wp-content\/uploads\/2020\/04\/cropped-Chez-Bernard-et-Marie-2089-scaled-2.jpg 512w\" sizes=\"auto, (max-width: 300px) 100vw, 300px\" \/><\/p>\n<p style=\"text-align: center;\"><strong>PIANO SOLO\u00a0<\/strong><\/p>\n<p style=\"text-align: center;\">\u00ab\u00a0Da bep lec&rsquo;h\u00a0\u00bb (toutes directions)<\/p>\n<p style=\"text-align: left;\">Ici Fabien Robbe reprend l&rsquo;essentiel de sa pens\u00e9e musicale par tous les bouts en les ouvrants par tous les autres. Une versatilit\u00e9 coh\u00e9rente, d\u00e9barrass\u00e9e des clich\u00e9s, loin des murs et des fronti\u00e8res. (2 albums parus).\u00a0<\/p>\n<p style=\"text-align: center;\"><a href=\"https:\/\/fabienrobbe.com\/wordfab\/piano-solo-2\/\">plus d&rsquo;infos ici<\/a><\/p>\n<p>\u00a0<\/p>\n","protected":false},"excerpt":{"rendered":"<p>duo ROBBE\/GLOAGUEN (piano\/batterie) \u00ab\u00a0jazz rural et autres impr\u00e9vus\u00a0\u00bb Depuis 2016, ce duo atypique (piano, batterie) multiplie les exp\u00e9riences. \u00a0Ils enregistrent et jouent en concert des [&#8230;]<\/p>\n","protected":false},"author":1,"featured_media":0,"parent":0,"menu_order":0,"comment_status":"closed","ping_status":"closed","template":"","meta":{"footnotes":""},"class_list":["post-1248","page","type-page","status-publish","hentry"],"_links":{"self":[{"href":"https:\/\/fabienrobbe.com\/wordfab\/wp-json\/wp\/v2\/pages\/1248","targetHints":{"allow":["GET"]}}],"collection":[{"href":"https:\/\/fabienrobbe.com\/wordfab\/wp-json\/wp\/v2\/pages"}],"about":[{"href":"https:\/\/fabienrobbe.com\/wordfab\/wp-json\/wp\/v2\/types\/page"}],"author":[{"embeddable":true,"href":"https:\/\/fabienrobbe.com\/wordfab\/wp-json\/wp\/v2\/users\/1"}],"replies":[{"embeddable":true,"href":"https:\/\/fabienrobbe.com\/wordfab\/wp-json\/wp\/v2\/comments?post=1248"}],"version-history":[{"count":10,"href":"https:\/\/fabienrobbe.com\/wordfab\/wp-json\/wp\/v2\/pages\/1248\/revisions"}],"predecessor-version":[{"id":1281,"href":"https:\/\/fabienrobbe.com\/wordfab\/wp-json\/wp\/v2\/pages\/1248\/revisions\/1281"}],"wp:attachment":[{"href":"https:\/\/fabienrobbe.com\/wordfab\/wp-json\/wp\/v2\/media?parent=1248"}],"curies":[{"name":"wp","href":"https:\/\/api.w.org\/{rel}","templated":true}]}}