{"id":1023,"date":"2020-04-20T20:33:25","date_gmt":"2020-04-20T20:33:25","guid":{"rendered":"http:\/\/fabienrobbe.com\/wordfab\/?page_id=1023"},"modified":"2025-05-12T22:18:42","modified_gmt":"2025-05-12T22:18:42","slug":"robbe-gloaguen","status":"publish","type":"page","link":"https:\/\/fabienrobbe.com\/wordfab\/robbe-gloaguen\/","title":{"rendered":"ROBBE\/GLOAGUEN ( jazz rural &#8230;et &#8230; )"},"content":{"rendered":"\n<figure class=\"wp-block-embed is-type-video is-provider-youtube wp-block-embed-youtube wp-embed-aspect-16-9 wp-has-aspect-ratio\"><div class=\"wp-block-embed__wrapper\">\n<iframe loading=\"lazy\" title=\"Robbe\/Gloaguen (piano\/batterie) L&#039; ennui\" width=\"800\" height=\"450\" src=\"https:\/\/www.youtube.com\/embed\/NmhnADDL3OA?feature=oembed\" frameborder=\"0\" allow=\"accelerometer; autoplay; clipboard-write; encrypted-media; gyroscope; picture-in-picture; web-share\" referrerpolicy=\"strict-origin-when-cross-origin\" allowfullscreen><\/iframe>\n<\/div><\/figure>\n\n\n\n<p>Agitateurs musicaux depuis leur rencontre en 2016, leur volont\u00e9 est de cr\u00e9er un lien entre un jazz ouvert et lib\u00e9r\u00e9 (Tusques, Don Cherry,&#8230;) et une certaine tradition. L\u2019improvisation, l\u2019impr\u00e9visible, le dialogue entre les deux instruments constituent la trame du projet. La recherche d\u2019authenticit\u00e9 prime sur les \u00e9tiquettes . Des sc\u00e8nes (Jazz in Langourla, Festival de Malgu\u00e9nac, Piano Barge, Sarah B, &#8230;) aux\u00a0 concerts chez l&rsquo;habitant , de cin\u00e9 concert en performances pluridisciplinaires (m\u00ealant peinture,musique,po\u00e9sie ), sans oublier les <strong>\u00ab\u00a0autres impr\u00e9vus\u00a0\u00bb<\/strong> parfois jazz, parfois rock ind\u00e9 ou noisy avec leurs amis, ce duo n&rsquo;a pas fini de vous \u00e9tonner.<\/p>\n<p style=\"text-align: center;\">\u00a0<iframe style=\"border: 0; width: 350px; height: 470px;\" src=\"https:\/\/bandcamp.com\/EmbeddedPlayer\/album=649208098\/size=large\/bgcol=ffffff\/linkcol=0687f5\/tracklist=false\/transparent=true\/\" seamless=\"\"><a href=\"https:\/\/fabienrobbe.bandcamp.com\/album\/en-concert-2\">en concert by ROBBE\/GLOAGUEN<\/a><\/iframe><\/p>\n<blockquote>\n<p>\u00ab\u00a0On se surprend \u00e0 \u00e9couter ce duo \u00ab\u00a0comme c&rsquo;est du jazz, mais au fond, \u00e7a ne ressemble pas \u00e0 ce que font les gens aujourd&rsquo;hui\u00a0\u00bb.<\/p>\n<\/blockquote>\n<p>\u00a0\u00a0\u00a0\u00a0\u00a0\u00a0\u00a0\u00a0\u00a0\u00a0\u00a0\u00a0\u00a0\u00a0\u00a0\u00a0\u00a0\u00a0\u00a0\u00a0\u00a0\u00a0\u00a0\u00a0\u00a0\u00a0\u00a0\u00a0\u00a0\u00a0<wbr \/>\u00a0\u00a0\u00a0\u00a0\u00a0\u00a0\u00a0\u00a0\u00a0\u00a0\u00a0\u00a0\u00a0\u00a0\u00a0\u00a0\u00a0\u00a0\u00a0\u00a0\u00a0\u00a0\u00a0\u00a0\u00a0\u00a0\u00a0\u00a0\u00a0\u00a0<wbr \/>\u00a0 \u00a0 \u00a0 \u00a0 \u00a0 \u00a0 \u00a0 \u00a0 \u00a0 \u00a0 \u00a0 \u00a0 \u00a0 \u00a0 \u00a0 \u00a0 \u00a0 \u00a0 \u00a0 \u00a0 \u00a0 \u00a0 \u00a0\u00a0\u00a0\u00a0\u00a0\u00a0\u00a0\u00a0 Jazz News &#8211; Juillet 2024<\/p>\n<p style=\"text-align: center;\">\u00a0<iframe style=\"border: 0; width: 350px; height: 470px;\" src=\"https:\/\/bandcamp.com\/EmbeddedPlayer\/album=1109688262\/size=large\/bgcol=ffffff\/linkcol=0687f5\/tracklist=false\/transparent=true\/\" seamless=\"\"><a href=\"https:\/\/fabienrobbe.bandcamp.com\/album\/etats-durgences-jazz-piano-batterie\">ETATS D&rsquo;URGENCES (jazz-piano\/batterie) by Robbe\/Gloaguen<\/a><\/iframe><\/p>\n<blockquote>\n<p>\u00ab Derri\u00e8re une simplicit\u00e9 m\u00e9lodique apparente se cache une complexit\u00e9 que l\u2019on ne soup\u00e7onnait pas : un d\u00e9veloppement de la narration tr\u00e8s riche, une d\u00e9marche percussive (&#8230;)A travers ce disque, nous retrouvons la g\u00e9n\u00e9rosit\u00e9 qu\u2019\u00e0 pu apporter Fran\u00e7ois Tusques dans sa musique dans les 70\u2019s. \u00bb<\/p>\n<\/blockquote>\n<p>\u00a0\u00a0\u00a0\u00a0\u00a0\u00a0\u00a0\u00a0\u00a0\u00a0\u00a0\u00a0\u00a0\u00a0\u00a0\u00a0\u00a0\u00a0\u00a0\u00a0\u00a0\u00a0\u00a0\u00a0\u00a0\u00a0\u00a0\u00a0\u00a0\u00a0<wbr \/>\u00a0\u00a0\u00a0\u00a0\u00a0\u00a0\u00a0\u00a0\u00a0\u00a0\u00a0\u00a0\u00a0\u00a0\u00a0\u00a0\u00a0\u00a0\u00a0\u00a0\u00a0\u00a0\u00a0\u00a0\u00a0\u00a0\u00a0\u00a0\u00a0\u00a0<wbr \/>\u00a0\u00a0\u00a0\u00a0\u00a0\u00a0\u00a0\u00a0\u00a0\u00a0\u00a0\u00a0\u00a0\u00a0\u00a0\u00a0\u00a0\u00a0\u00a0\u00a0\u00a0\u00a0\u00a0\u00a0\u00a0\u00a0\u00a0\u00a0\u00a0\u00a0<wbr \/>\u00a0\u00a0\u00a0\u00a0\u00a0\u00a0\u00a0\u00a0\u00a0\u00a0\u00a0\u00a0\u00a0\u00a0\u00a0\u00a0\u00a0\u00a0\u00a0\u00a0\u00a0\u00a0\u00a0\u00a0 JAZZ N CO \u2013 RCR PARIS<\/p>\n<p style=\"text-align: center;\"><iframe loading=\"lazy\" src=\"\/\/www.youtube.com\/embed\/i4XC49ARD8g\" width=\"560\" height=\"314\" allowfullscreen=\"allowfullscreen\"><\/iframe><\/p>\n<h1>&#8230;AUTRES IMPR\u00c9VUS !<\/h1>\n<p style=\"text-align: center;\">\u00a0<iframe style=\"border: 0; width: 350px; height: 470px;\" src=\"https:\/\/bandcamp.com\/EmbeddedPlayer\/album=3222447886\/size=large\/bgcol=ffffff\/linkcol=0687f5\/tracklist=false\/transparent=true\/\" seamless=\"\"><a href=\"https:\/\/fabienrobbe.bandcamp.com\/album\/gardez-votre-sang-froid-ifdmo-dejazet-1984\">\u00ab\u00a0Gardez votre sang froid \u00ab\u00a0+IFDMO dejazet 1984 by robbe gloaguen quartet et l&rsquo;intercommunal free dance music orchestra<\/a><\/iframe><\/p>\n<blockquote>\n<p>\u00ab\u00a0Fabien Robbe et J\u00e9r\u00f4me Gloaguen en sont \u00e0 leur troisi\u00e8me album en 4 ans : rares sont les jazzmen fran\u00e7ais avec autant de swing sous les doigts, de libert\u00e9 dans le coeur et d&rsquo;id\u00e9es dans le cr\u00e2ne\u00a0\u00bb.<\/p>\n<\/blockquote>\n<p>\u00a0\u00a0\u00a0\u00a0\u00a0\u00a0\u00a0\u00a0\u00a0\u00a0\u00a0\u00a0\u00a0\u00a0\u00a0\u00a0\u00a0\u00a0\u00a0\u00a0\u00a0\u00a0\u00a0\u00a0\u00a0\u00a0\u00a0\u00a0\u00a0\u00a0<wbr \/>\u00a0\u00a0\u00a0\u00a0\u00a0\u00a0\u00a0\u00a0\u00a0\u00a0\u00a0\u00a0\u00a0\u00a0\u00a0\u00a0\u00a0\u00a0\u00a0\u00a0\u00a0\u00a0\u00a0\u00a0\u00a0\u00a0\u00a0\u00a0\u00a0\u00a0<wbr \/>\u00a0 \u00a0 \u00a0 \u00a0 \u00a0 \u00a0 \u00a0 \u00a0 \u00a0 \u00a0 \u00a0 \u00a0 \u00a0 \u00a0 \u00a0 \u00a0 \u00a0 \u00a0 \u00a0 \u00a0 \u00a0 \u00a0 \u00a0\u00a0\u00a0\u00a0\u00a0\u00a0\u00a0\u00a0 Jazz News &#8211; octobre 2020<\/p>\n<p style=\"text-align: center;\"><iframe loading=\"lazy\" src=\"\/\/www.youtube.com\/embed\/4DEGDLB_YIE\" width=\"560\" height=\"314\" allowfullscreen=\"allowfullscreen\"><\/iframe><\/p>\n<p style=\"text-align: center;\">\u00a0<iframe style=\"border: 0; width: 350px; height: 470px;\" src=\"https:\/\/bandcamp.com\/EmbeddedPlayer\/album=4167504157\/size=large\/bgcol=ffffff\/linkcol=0687f5\/tracklist=false\/transparent=true\/\" seamless=\"\"><a href=\"https:\/\/fabienrobbe.bandcamp.com\/album\/anima-animus-exp-rimental-free-jazz-trad\">ANIMA ANIMUS (exp\u00e9rimental,free jazz, trad) by ROBBE\/GLOAGUEN feat J.PALOMO<\/a><\/iframe><\/p>\n<p style=\"text-align: center;\">\u00a0<iframe style=\"border: 0; width: 350px; height: 470px;\" src=\"https:\/\/bandcamp.com\/EmbeddedPlayer\/album=40529842\/size=large\/bgcol=ffffff\/linkcol=0687f5\/tracklist=false\/transparent=true\/\" seamless=\"\"><a href=\"https:\/\/muteantsoundsnetlabel.bandcamp.com\/album\/the-egg-memory\">The Egg Memory by Robbe \/ Gloaguen<\/a><\/iframe><\/p>\n<p style=\"text-align: center;\"><iframe loading=\"lazy\" src=\"\/\/www.youtube.com\/embed\/HMcA8FptR4I?t=436s\" width=\"560\" height=\"314\" allowfullscreen=\"allowfullscreen\"><\/iframe><\/p>\n<p style=\"text-align: center;\">\u00a0<iframe style=\"border: 0; width: 350px; height: 470px;\" src=\"https:\/\/bandcamp.com\/EmbeddedPlayer\/album=1727109082\/size=large\/bgcol=ffffff\/linkcol=0687f5\/tracklist=false\/transparent=true\/\" seamless=\"\"><a href=\"https:\/\/muteantsoundsnetlabel.bandcamp.com\/album\/the-dinner\">The Dinner by Michel Kristof \/ J\u00e9r\u00f4me Gloaguen \/ Fabien Robbe Trio<\/a><\/iframe><\/p>\n<p>\u00a0<\/p>\n<p>\u00a0<\/p>\n","protected":false},"excerpt":{"rendered":"<p>Agitateurs musicaux depuis leur rencontre en 2016, leur volont\u00e9 est de cr\u00e9er un lien entre un jazz ouvert et lib\u00e9r\u00e9 (Tusques, Don Cherry,&#8230;) et une [&#8230;]<\/p>\n","protected":false},"author":1,"featured_media":0,"parent":0,"menu_order":0,"comment_status":"closed","ping_status":"closed","template":"","meta":{"footnotes":""},"class_list":["post-1023","page","type-page","status-publish","hentry"],"_links":{"self":[{"href":"https:\/\/fabienrobbe.com\/wordfab\/wp-json\/wp\/v2\/pages\/1023","targetHints":{"allow":["GET"]}}],"collection":[{"href":"https:\/\/fabienrobbe.com\/wordfab\/wp-json\/wp\/v2\/pages"}],"about":[{"href":"https:\/\/fabienrobbe.com\/wordfab\/wp-json\/wp\/v2\/types\/page"}],"author":[{"embeddable":true,"href":"https:\/\/fabienrobbe.com\/wordfab\/wp-json\/wp\/v2\/users\/1"}],"replies":[{"embeddable":true,"href":"https:\/\/fabienrobbe.com\/wordfab\/wp-json\/wp\/v2\/comments?post=1023"}],"version-history":[{"count":15,"href":"https:\/\/fabienrobbe.com\/wordfab\/wp-json\/wp\/v2\/pages\/1023\/revisions"}],"predecessor-version":[{"id":1282,"href":"https:\/\/fabienrobbe.com\/wordfab\/wp-json\/wp\/v2\/pages\/1023\/revisions\/1282"}],"wp:attachment":[{"href":"https:\/\/fabienrobbe.com\/wordfab\/wp-json\/wp\/v2\/media?parent=1023"}],"curies":[{"name":"wp","href":"https:\/\/api.w.org\/{rel}","templated":true}]}}